{"id":1251,"date":"2020-03-13T08:46:40","date_gmt":"2020-03-13T11:46:40","guid":{"rendered":"https:\/\/isfd91-bue.infd.edu.ar\/sitio\/?page_id=1251"},"modified":"2020-03-13T08:56:22","modified_gmt":"2020-03-13T11:56:22","slug":"plan-de-estudios-pfini","status":"publish","type":"page","link":"https:\/\/isfd91-bue.infd.edu.ar\/sitio\/plan-de-estudios-pfini\/","title":{"rendered":"PLAN DE ESTUDIOS"},"content":{"rendered":"<h1>Plan de la carrera de Educaci\u00f3n en Nivel Inicial<\/h1>\n<table style=\"font-weight: 400;\">\n<tbody>\n<tr>\n<td style=\"font-weight: 400;\" colspan=\"2\"><b>PRIMER A\u00d1O<\/b><\/p>\n<p style=\"font-weight: 400;\"><b><strong>\u00a0<\/strong><\/b><\/p>\n<\/td>\n<\/tr>\n<tr>\n<td style=\"font-weight: 400;\" rowspan=\"3\"><b><strong>Campo de Actualizaci\u00f3n Formativa<\/strong><\/b><\/td>\n<td style=\"font-weight: 400;\">Taller de lectura, escritura y oralidad (64)<\/td>\n<\/tr>\n<tr>\n<td style=\"font-weight: 400;\">Taller de pensamiento l\u00f3gico matem\u00e1tico (64)<\/td>\n<\/tr>\n<tr>\n<td style=\"font-weight: 400;\">Taller de definici\u00f3n institucional (64)<\/td>\n<\/tr>\n<tr>\n<td style=\"font-weight: 400;\" rowspan=\"2\"><b><strong>Campo de la Subjetividad y las Culturas<\/strong><\/b><\/td>\n<td style=\"font-weight: 400;\">Psicolog\u00eda del desarrollo y el aprendizaje I (64)<\/td>\n<\/tr>\n<tr>\n<td style=\"font-weight: 400;\">Educaci\u00f3n temprana (64)<\/td>\n<\/tr>\n<tr>\n<td style=\"font-weight: 400;\"><b><strong>Campo de los Saberes a Ense\u00f1ar<\/strong><\/b><\/td>\n<td style=\"font-weight: 400;\">Corporeidad y motricidad (32)<\/td>\n<\/tr>\n<tr>\n<td style=\"font-weight: 400;\" rowspan=\"4\"><b><strong>Campo de la Fundamentaci\u00f3n<\/strong><\/b><\/td>\n<td style=\"font-weight: 400;\">Filosof\u00eda (64)<\/td>\n<\/tr>\n<tr>\n<td style=\"font-weight: 400;\">Did\u00e1ctica general (64)<\/td>\n<\/tr>\n<tr>\n<td style=\"font-weight: 400;\">Pedagog\u00eda (64)<\/td>\n<\/tr>\n<tr>\n<td style=\"font-weight: 400;\">An\u00e1lisis del mundo contempor\u00e1neo (32)<\/td>\n<\/tr>\n<tr>\n<td style=\"font-weight: 400;\" rowspan=\"3\"><b><strong>Campo de la Pr\u00e1ctica Docente<\/strong><\/b><\/td>\n<td style=\"font-weight: 400;\"><i><em>Pr\u00e1ctica en terreno:<\/em><\/i><\/p>\n<p>Experiencia social en espacios y organizaciones de la comunidad<\/p>\n<p>(32)<\/td>\n<\/tr>\n<tr>\n<td style=\"font-weight: 400;\"><b><strong>\u00a0<\/strong><\/b><\/p>\n<p><b><strong>Taller Integrador Interdisciplinario<\/strong><\/b><\/p>\n<p><i><em>\u00a0<\/em><\/i><\/p>\n<p><i><em>Ciudad educadora<\/em><\/i><\/p>\n<p>(32)<\/td>\n<\/tr>\n<tr>\n<td style=\"font-weight: 400;\"><i><em>Herramientas:<\/em><\/i><\/p>\n<p>Educaci\u00f3n social y estrategias<\/p>\n<p>de educaci\u00f3n popular (32)<\/td>\n<\/tr>\n<\/tbody>\n<\/table>\n<table style=\"font-weight: 400;\">\n<tbody>\n<tr>\n<td style=\"font-weight: 400;\" colspan=\"2\"><b><strong>SEGUNDO A\u00d1O<\/strong><\/b><\/td>\n<\/tr>\n<tr>\n<td style=\"font-weight: 400;\" rowspan=\"3\"><b><strong>Campo de la Subjetividad y las Culturas<\/strong><\/b><\/td>\n<td style=\"font-weight: 400;\">Psicolog\u00eda del desarrollo y el aprendizaje II (64<\/td>\n<\/tr>\n<tr>\n<td style=\"font-weight: 400;\">Psicolog\u00eda social e institucional (32)<\/td>\n<\/tr>\n<tr>\n<td style=\"font-weight: 400;\">Cultura, comunicaci\u00f3n y educaci\u00f3n (32)<\/td>\n<\/tr>\n<tr>\n<td style=\"font-weight: 400;\" rowspan=\"5\"><b><strong>Campo de los Saberes a Ense\u00f1ar<\/strong><\/b><\/p>\n<p>&nbsp;<\/td>\n<td style=\"font-weight: 400;\">Educaci\u00f3n pl\u00e1stica (64)<\/td>\n<\/tr>\n<tr>\n<td style=\"font-weight: 400;\">Did\u00e1ctica de Pr\u00e1cticas del\u00a0 Lenguaje y la Literatura (64)<\/td>\n<\/tr>\n<tr>\n<td style=\"font-weight: 400;\">Did\u00e1ctica de las Ciencias Sociales (64)<\/td>\n<\/tr>\n<tr>\n<td style=\"font-weight: 400;\">Did\u00e1ctica de las Ciencias Naturales (64)<\/td>\n<\/tr>\n<tr>\n<td style=\"font-weight: 400;\">Did\u00e1ctica de la Matem\u00e1tica (64)<\/td>\n<\/tr>\n<tr>\n<td style=\"font-weight: 400;\" rowspan=\"2\"><b><strong>Campo de la Fundamentaci\u00f3n<\/strong><\/b><\/td>\n<td style=\"font-weight: 400;\">Teor\u00edas sociopol\u00edticas y educaci\u00f3n (64)<\/td>\n<\/tr>\n<tr>\n<td style=\"font-weight: 400;\">Did\u00e1ctica y curr\u00edculum de Nivel Inicial (64)<\/td>\n<\/tr>\n<tr>\n<td style=\"font-weight: 400;\" rowspan=\"3\">&nbsp;<\/p>\n<p><b><strong>Campo de la Pr\u00e1ctica Docente<\/strong><\/b><\/td>\n<td style=\"font-weight: 400;\"><i><em>Pr\u00e1ctica en terreno:<\/em><\/i><\/p>\n<p>En instituciones educativas<\/p>\n<p>(distintos \u00e1mbitos: urbano, suburbano, rural)<\/p>\n<p>(64)<\/td>\n<\/tr>\n<tr>\n<td style=\"font-weight: 400;\"><b><strong>\u00a0<\/strong><\/b><\/p>\n<p><b><strong>Taller Integrador Interdisciplinario<\/strong><\/b><\/p>\n<p><i><em>\u00a0<\/em><\/i><\/p>\n<p><i><em>Espacio escolar<\/em><\/i><\/p>\n<p><i><em>y realidad educativa<\/em><\/i><\/p>\n<p>(32)<\/p>\n<p>&nbsp;<\/td>\n<\/tr>\n<tr>\n<td style=\"font-weight: 400;\"><i><em>Herramientas:<\/em><\/i><\/p>\n<p>Aproximaci\u00f3n y an\u00e1lisis cualitativo institucional (32)<\/td>\n<\/tr>\n<\/tbody>\n<\/table>\n<table style=\"font-weight: 400;\">\n<tbody>\n<tr>\n<td style=\"font-weight: 400;\" colspan=\"2\"><b><strong>TERCER A\u00d1O<\/strong><\/b><\/td>\n<\/tr>\n<tr>\n<td style=\"font-weight: 400;\" rowspan=\"2\"><b><strong>Campo de la Subjetividad y las Culturas<\/strong><\/b><\/td>\n<td style=\"font-weight: 400;\">Juego y desarrollo infantil (64)<\/p>\n<p>&nbsp;<\/td>\n<\/tr>\n<tr>\n<td style=\"font-weight: 400;\">Medios audiovisuales, TIC\u2019s y educaci\u00f3n (32)<\/td>\n<\/tr>\n<tr>\n<td style=\"font-weight: 400;\" rowspan=\"7\"><b><strong>Campo de los Saberes a Ense\u00f1ar<\/strong><\/b><\/p>\n<p>&nbsp;<\/td>\n<td style=\"font-weight: 400;\">Educaci\u00f3n musical (64)<\/td>\n<\/tr>\n<tr>\n<td style=\"font-weight: 400;\">Educaci\u00f3n F\u00edsica escolar (64)<\/td>\n<\/tr>\n<tr>\n<td style=\"font-weight: 400;\">Taller de Literatura infantil (32)<\/p>\n<p>&nbsp;<\/td>\n<\/tr>\n<tr>\n<td style=\"font-weight: 400;\">Taller de Ciencias Sociales (32)<\/td>\n<\/tr>\n<tr>\n<td style=\"font-weight: 400;\">Taller de Ciencias Naturales (32)<\/td>\n<\/tr>\n<tr>\n<td style=\"font-weight: 400;\">Taller de la Matem\u00e1tica (32)<\/td>\n<\/tr>\n<tr>\n<td style=\"font-weight: 400;\">Producci\u00f3n de materiales y objetos l\u00fadicos (32)<\/td>\n<\/tr>\n<tr>\n<td style=\"font-weight: 400;\" rowspan=\"2\"><b><strong>Campo de la Fundamentaci\u00f3n<\/strong><\/b><\/td>\n<td style=\"font-weight: 400;\">Historia y prospectiva de la educaci\u00f3n (64)<\/td>\n<\/tr>\n<tr>\n<td style=\"font-weight: 400;\">Pol\u00edticas, legislaci\u00f3n y administraci\u00f3n del trabajo escolar (64)<\/td>\n<\/tr>\n<tr>\n<td style=\"font-weight: 400;\" rowspan=\"3\">&nbsp;<\/p>\n<p><b><strong>Campo de la Pr\u00e1ctica Docente<\/strong><\/b><\/td>\n<td style=\"font-weight: 400;\"><i><em>Pr\u00e1ctica en terreno:<\/em><\/i><\/p>\n<p>En el aula, en el nivel de formaci\u00f3n<\/p>\n<p>(128)<\/td>\n<\/tr>\n<tr>\n<td style=\"font-weight: 400;\"><b><strong>\u00a0<\/strong><\/b><\/p>\n<p><b><strong>Taller Integrador Interdisciplinario<\/strong><\/b><\/p>\n<p><i><em>\u00a0<\/em><\/i><\/p>\n<p><i><em>Relaci\u00f3n educativa<\/em><\/i><\/p>\n<p>(32)<\/p>\n<p>&nbsp;<\/td>\n<\/tr>\n<tr>\n<td style=\"font-weight: 400;\"><i><em>Herramientas:<\/em><\/i><\/p>\n<p>Investigaci\u00f3n en y para la acci\u00f3n educativa (32)<\/td>\n<\/tr>\n<\/tbody>\n<\/table>\n<table style=\"font-weight: 400;\">\n<tbody>\n<tr>\n<td style=\"font-weight: 400;\" colspan=\"2\"><b><strong>CUARTO A\u00d1O<\/strong><\/b><\/td>\n<\/tr>\n<tr>\n<td style=\"font-weight: 400;\"><b><strong>Campo de la Subjetividad y las Culturas<\/strong><\/b><\/td>\n<td style=\"font-weight: 400;\">Educaci\u00f3n en y para la salud (32)<\/p>\n<p>&nbsp;<\/td>\n<\/tr>\n<tr>\n<td style=\"font-weight: 400;\" rowspan=\"4\"><b><strong>Campo de los Saberes a Ense\u00f1ar<\/strong><\/b><\/p>\n<p>&nbsp;<\/td>\n<td style=\"font-weight: 400;\">Ateneo de Pr\u00e1cticas del Lenguaje y la Literatura (64)<\/td>\n<\/tr>\n<tr>\n<td style=\"font-weight: 400;\">Ateneo de Matem\u00e1tica (64)<\/td>\n<\/tr>\n<tr>\n<td style=\"font-weight: 400;\">Ateneo de Naturaleza y Sociedad (64)<\/td>\n<\/tr>\n<tr>\n<td style=\"font-weight: 400;\">Ateneo de nuevas expresiones est\u00e9ticas (64)<\/td>\n<\/tr>\n<tr>\n<td style=\"font-weight: 400;\" rowspan=\"2\"><b><strong>Campo de la Fundamentaci\u00f3n<\/strong><\/b><\/td>\n<td style=\"font-weight: 400;\">Reflexi\u00f3n filos\u00f3fica de la educaci\u00f3n (32)<\/td>\n<\/tr>\n<tr>\n<td style=\"font-weight: 400;\">Dimensi\u00f3n \u00e9tico-pol\u00edtica de la praxis docente (32)<\/td>\n<\/tr>\n<tr>\n<td style=\"font-weight: 400;\" rowspan=\"2\">&nbsp;<\/p>\n<p><b><strong>Campo de la Pr\u00e1ctica Docente<\/strong><\/b><\/td>\n<td style=\"font-weight: 400;\"><i><em>Pr\u00e1ctica en terreno:<\/em><\/i><\/p>\n<p>En el aula, en el nivel de formaci\u00f3n<\/p>\n<p>(256)<\/td>\n<\/tr>\n<tr>\n<td style=\"font-weight: 400;\"><b><strong>\u00a0<\/strong><\/b><\/p>\n<p><b><strong>Taller Integrador Interdisciplinario<\/strong><\/b><\/p>\n<p><i><em>\u00a0<\/em><\/i><\/p>\n<p><i><em>Posicionamiento docente<\/em><\/i><\/p>\n<p>(32)<\/p>\n<p>&nbsp;<\/td>\n<\/tr>\n<\/tbody>\n<\/table>\n<table style=\"font-weight: 400;\">\n<tbody>\n<tr>\n<td style=\"font-weight: 400;\" width=\"576\"><b><strong>Trayectos Formativos Opcionales<\/strong><\/b><\/td>\n<\/tr>\n<tr>\n<td style=\"font-weight: 400;\" width=\"576\">Espacios de definici\u00f3n institucional (160) Incluye EDI y trayectos formativos opcionales.<\/td>\n<\/tr>\n<\/tbody>\n<\/table>\n<p style=\"font-weight: 400;\"><b><strong>\u00a0<\/strong><\/b><\/p>\n<p style=\"font-weight: 400;\"><b><strong>T\u00edtulo: PROFESOR DE EDUCACI\u00d3N INICIAL<\/strong><\/b><\/p>\n<p style=\"font-weight: 400;\"><b><strong>\u00a0<\/strong><\/b><\/p>\n<p style=\"font-weight: 400;\"><b><strong>Carga horaria total: 2816 horas<\/strong><\/b><\/p>\n<p style=\"font-weight: 400;\">Para el c\u00e1lculo de los M\u00f3dulos semanales debe dividirse el n\u00famero total de horas por 32. As\u00ed, a 32 horas corresponde 1 M\u00f3dulo semanal; a 64 horas: 2 M\u00f3dulos, etc.<\/p>\n<p style=\"font-weight: 400;\">CORRELATIVIDADES<\/p>\n<table style=\"font-weight: 400;\">\n<tbody>\n<tr>\n<td style=\"font-weight: 400;\" colspan=\"2\" width=\"559\"><b><strong>2\u00ba A\u00d1O<\/strong><\/b><\/p>\n<p><b><strong>\u00a0<\/strong><\/b><\/td>\n<\/tr>\n<tr>\n<td style=\"font-weight: 400;\" width=\"271\">Psicolog\u00eda del Desarrollo y el Aprendizaje II<\/td>\n<td style=\"font-weight: 400;\" width=\"288\">Psicolog\u00eda del Desarrollo y el Aprendizaje I<\/td>\n<\/tr>\n<tr>\n<td style=\"font-weight: 400;\" width=\"271\">Psicolog\u00eda Social e Institucional<\/td>\n<td style=\"font-weight: 400;\" width=\"288\">___________<\/td>\n<\/tr>\n<tr>\n<td style=\"font-weight: 400;\" width=\"271\">Cultura, Comunicaci\u00f3n y Educaci\u00f3n<\/td>\n<td style=\"font-weight: 400;\" width=\"288\">____________<\/td>\n<\/tr>\n<tr>\n<td style=\"font-weight: 400;\" width=\"271\">Campo de la Pr\u00e1ctica Docente II<\/td>\n<td style=\"font-weight: 400;\" width=\"288\">Campo de la Pr\u00e1ctica Docente I<\/td>\n<\/tr>\n<tr>\n<td style=\"font-weight: 400;\" width=\"271\">Educaci\u00f3n Pl\u00e1stica<\/td>\n<td style=\"font-weight: 400;\" width=\"288\">____________<\/td>\n<\/tr>\n<tr>\n<td style=\"font-weight: 400;\" width=\"271\">Did\u00e1ctica de Pr\u00e1cticas del Lenguaje y la Literatura<\/td>\n<td style=\"font-weight: 400;\" width=\"288\">______________<\/td>\n<\/tr>\n<tr>\n<td style=\"font-weight: 400;\" width=\"271\">Did\u00e1ctica de las Ciencias Sociales<\/td>\n<td style=\"font-weight: 400;\" width=\"288\">____________<\/td>\n<\/tr>\n<tr>\n<td style=\"font-weight: 400;\" width=\"271\">Did\u00e1ctica de las Ciencias Naturales<\/td>\n<td style=\"font-weight: 400;\" width=\"288\">____________<\/td>\n<\/tr>\n<tr>\n<td style=\"font-weight: 400;\" width=\"271\">Did\u00e1ctica de la Matem\u00e1tica<\/td>\n<td style=\"font-weight: 400;\" width=\"288\">_____________<\/td>\n<\/tr>\n<tr>\n<td style=\"font-weight: 400;\" width=\"271\">Teor\u00edas Sociopol\u00edticas y Educaci\u00f3n<\/td>\n<td style=\"font-weight: 400;\" width=\"288\">_____________<\/td>\n<\/tr>\n<tr>\n<td style=\"font-weight: 400;\" width=\"271\">Did\u00e1ctica y Curriculum del Nivel Inicial<\/td>\n<td style=\"font-weight: 400;\" width=\"288\">Did\u00e1ctica General<\/td>\n<\/tr>\n<tr>\n<td style=\"font-weight: 400;\" colspan=\"2\" width=\"559\"><b><strong>\u00a0<\/strong><\/b><\/p>\n<p><b><strong>3er A\u00d1O<\/strong><\/b><\/p>\n<p><b><strong>\u00a0<\/strong><\/b><\/td>\n<\/tr>\n<tr>\n<td style=\"font-weight: 400;\" width=\"271\">Juegos y Desarrollo Infantil<\/td>\n<td style=\"font-weight: 400;\" width=\"288\">Psicologia del Desarrollo y Aprendizaje I<\/td>\n<\/tr>\n<tr>\n<td style=\"font-weight: 400;\" width=\"271\">Medios audiovisuales, TICs y Educaci\u00f3n<\/td>\n<td style=\"font-weight: 400;\" width=\"288\">__________<\/td>\n<\/tr>\n<tr>\n<td style=\"font-weight: 400;\" width=\"271\">Educaci\u00f3n Musical<\/td>\n<td style=\"font-weight: 400;\" width=\"288\">____________<\/td>\n<\/tr>\n<tr>\n<td style=\"font-weight: 400;\" width=\"271\">Educaci\u00f3n F\u00edsica Escolar<\/td>\n<td style=\"font-weight: 400;\" width=\"288\">____________<\/td>\n<\/tr>\n<tr>\n<td style=\"font-weight: 400;\" width=\"271\">Taller de Ciencias Sociales<\/td>\n<td style=\"font-weight: 400;\" width=\"288\">Did\u00e1ctica de las Ciencias Sociales<\/td>\n<\/tr>\n<tr>\n<td style=\"font-weight: 400;\" width=\"271\">Taller de Ciencias Naturales<\/td>\n<td style=\"font-weight: 400;\" width=\"288\">Did\u00e1ctica de las Ciencias Naturales<\/td>\n<\/tr>\n<tr>\n<td style=\"font-weight: 400;\" width=\"271\">Taller de Literatura Infantil<\/td>\n<td style=\"font-weight: 400;\" width=\"288\">Did\u00e1ctica de Pr\u00e1cticas del Lenguaje y la Literatura<\/td>\n<\/tr>\n<tr>\n<td style=\"font-weight: 400;\" width=\"271\">Taller de Matem\u00e1tica<\/td>\n<td style=\"font-weight: 400;\" width=\"288\">Did\u00e1ctica de la Matem\u00e1tica<\/td>\n<\/tr>\n<tr>\n<td style=\"font-weight: 400;\" width=\"271\">Producci\u00f3n de Materiales y Objetos l\u00fadicos<\/td>\n<td style=\"font-weight: 400;\" width=\"288\">__________<\/td>\n<\/tr>\n<tr>\n<td style=\"font-weight: 400;\" width=\"271\">Historia y Prospectiva de la Educaci\u00f3n<\/td>\n<td style=\"font-weight: 400;\" width=\"288\">___________<\/td>\n<\/tr>\n<tr>\n<td style=\"font-weight: 400;\" width=\"271\">Pol\u00edticas, Legislaci\u00f3n y Administraci\u00f3n del Trabajo Escolar<\/td>\n<td style=\"font-weight: 400;\" width=\"288\">_____________<\/td>\n<\/tr>\n<tr>\n<td style=\"font-weight: 400;\" width=\"271\">Campo de la Pr\u00e1ctica Docente III<\/td>\n<td style=\"font-weight: 400;\" width=\"288\">Campo de la Pr\u00e1ctica Docente II<\/p>\n<p>Did\u00e1ctica de las pr\u00e1cticas del Lenguaje y la Literatura<\/p>\n<p>Did\u00e1ctica de las Ciencias Sociales<\/p>\n<p>Did\u00e1ctica de las Ciencias Naturales<\/p>\n<p>Did\u00e1ctica de la Matem\u00e1tica<\/p>\n<p>Did\u00e1ctica y Curriculum del Nivel Inicial<\/td>\n<\/tr>\n<tr>\n<td style=\"font-weight: 400;\" colspan=\"2\" width=\"559\"><b><strong>\u00a0<\/strong><\/b><\/p>\n<p><b><strong>4\u00ba A\u00d1O<\/strong><\/b><\/p>\n<p><b><strong>\u00a0<\/strong><\/b><\/td>\n<\/tr>\n<tr>\n<td style=\"font-weight: 400;\" width=\"271\">Educaci\u00f3n en y para la salud<\/td>\n<td style=\"font-weight: 400;\" width=\"288\">___________<\/td>\n<\/tr>\n<tr>\n<td style=\"font-weight: 400;\" width=\"271\">Ateneo de Pr\u00e1cticas del Lenguaje y la Literatura<\/td>\n<td style=\"font-weight: 400;\" width=\"288\">Taller de Literatura Infantil<\/td>\n<\/tr>\n<tr>\n<td style=\"font-weight: 400;\" width=\"271\">Ateneo de Matem\u00e1tica<\/td>\n<td style=\"font-weight: 400;\" width=\"288\">Taller de la Matem\u00e1tica<\/p>\n<p>&nbsp;<\/td>\n<\/tr>\n<tr>\n<td style=\"font-weight: 400;\" width=\"271\">Ateneo de Naturaleza y Sociedad<\/td>\n<td style=\"font-weight: 400;\" width=\"288\">Taller de Ciencias Naturales<\/p>\n<p>Taller de Ciencias Sociales<\/td>\n<\/tr>\n<tr>\n<td style=\"font-weight: 400;\" width=\"271\">Ateneo de Nuevas Expresiones est\u00e9ticas<\/td>\n<td style=\"font-weight: 400;\" width=\"288\">____________<\/td>\n<\/tr>\n<tr>\n<td style=\"font-weight: 400;\" width=\"271\">Reflexi\u00f3n filos\u00f3fica de la Educaci\u00f3n<\/td>\n<td style=\"font-weight: 400;\" width=\"288\">Filosof\u00eda y Pedagog\u00eda<\/td>\n<\/tr>\n<tr>\n<td style=\"font-weight: 400;\" width=\"271\">Dimensi\u00f3n \u00e9tico pol\u00edtica de la praxis docente<\/td>\n<td style=\"font-weight: 400;\" width=\"288\">Teoria sociopoliticas y Educaci\u00f3n<\/td>\n<\/tr>\n<tr>\n<td style=\"font-weight: 400;\" width=\"271\">Campo de la Pr\u00e1ctica IV<\/td>\n<td style=\"font-weight: 400;\" width=\"288\">Campo de la Pr\u00e1ctica Docente III<\/p>\n<p>Taller de Ciencias Sociales<\/p>\n<p>Taller de Ciencias Naturales<\/p>\n<p>Taller de Literatura Infantil<\/p>\n<p>Taller de Matem\u00e1tica<\/td>\n<\/tr>\n<\/tbody>\n<\/table>\n<p style=\"font-weight: 400;\">\n","protected":false},"excerpt":{"rendered":"<p>Plan de la carrera de Educaci\u00f3n en Nivel Inicial PRIMER A\u00d1O \u00a0 Campo de Actualizaci\u00f3n Formativa Taller de lectura, escritura y oralidad (64) Taller de pensamiento l\u00f3gico matem\u00e1tico (64) Taller de definici\u00f3n institucional (64) Campo de la Subjetividad y las Culturas Psicolog\u00eda del desarrollo y el aprendizaje I (64) Educaci\u00f3n temprana (64) Campo de los &#8230; <a title=\"PLAN DE ESTUDIOS\" class=\"read-more\" href=\"https:\/\/isfd91-bue.infd.edu.ar\/sitio\/plan-de-estudios-pfini\/\" aria-label=\"More on PLAN DE ESTUDIOS\">[+]<\/a><\/p>\n","protected":false},"author":62,"featured_media":0,"parent":0,"menu_order":0,"comment_status":"closed","ping_status":"closed","template":"","meta":[],"acf":[],"_links":{"self":[{"href":"https:\/\/isfd91-bue.infd.edu.ar\/sitio\/wp-json\/wp\/v2\/pages\/1251"}],"collection":[{"href":"https:\/\/isfd91-bue.infd.edu.ar\/sitio\/wp-json\/wp\/v2\/pages"}],"about":[{"href":"https:\/\/isfd91-bue.infd.edu.ar\/sitio\/wp-json\/wp\/v2\/types\/page"}],"author":[{"embeddable":true,"href":"https:\/\/isfd91-bue.infd.edu.ar\/sitio\/wp-json\/wp\/v2\/users\/62"}],"replies":[{"embeddable":true,"href":"https:\/\/isfd91-bue.infd.edu.ar\/sitio\/wp-json\/wp\/v2\/comments?post=1251"}],"version-history":[{"count":2,"href":"https:\/\/isfd91-bue.infd.edu.ar\/sitio\/wp-json\/wp\/v2\/pages\/1251\/revisions"}],"predecessor-version":[{"id":1255,"href":"https:\/\/isfd91-bue.infd.edu.ar\/sitio\/wp-json\/wp\/v2\/pages\/1251\/revisions\/1255"}],"wp:attachment":[{"href":"https:\/\/isfd91-bue.infd.edu.ar\/sitio\/wp-json\/wp\/v2\/media?parent=1251"}],"curies":[{"name":"wp","href":"https:\/\/api.w.org\/{rel}","templated":true}]}}