{"id":1260,"date":"2020-03-13T09:26:12","date_gmt":"2020-03-13T12:26:12","guid":{"rendered":"https:\/\/isfd91-bue.infd.edu.ar\/sitio\/?page_id=1260"},"modified":"2020-03-13T09:26:12","modified_gmt":"2020-03-13T12:26:12","slug":"plan-de-estudios-pfef","status":"publish","type":"page","link":"https:\/\/isfd91-bue.infd.edu.ar\/sitio\/plan-de-estudios-pfef\/","title":{"rendered":"PLAN DE ESTUDIOS (PFEF)"},"content":{"rendered":"<p><strong>ESTRUCTURA CURRICULAR\u00a0\u00a0\u00a0\u00a0 Primer A\u00f1o<\/strong><\/p>\n<table>\n<tbody>\n<tr>\n<td colspan=\"2\" width=\"727\"><strong>Campo de Actualizaci\u00f3n Formativa<\/strong><\/td>\n<\/tr>\n<tr>\n<td width=\"364\"><strong>Taller de lectura, escritura y\u00a0 oralidad<\/strong><\/p>\n<p><strong>(64)<\/strong><\/p>\n<p>&nbsp;<\/td>\n<td width=\"363\"><strong>Taller de educaci\u00f3n\u00a0 corporal y motriz<\/strong><\/p>\n<p><strong>( 64 )<\/strong><\/p>\n<p>&nbsp;<\/td>\n<\/tr>\n<\/tbody>\n<\/table>\n<p>&nbsp;<\/p>\n<p>&nbsp;<\/p>\n<p>&nbsp;<\/p>\n<p>&nbsp;<\/p>\n<table>\n<tbody>\n<tr>\n<td rowspan=\"2\" width=\"118\"><strong>Campo\u00a0 de la Subjetividad y las culturas<\/strong><\/td>\n<td rowspan=\"2\" width=\"114\">&nbsp;<\/p>\n<p>&nbsp;<\/p>\n<p><strong>\u00a0<\/strong><\/p>\n<p><strong>\u00a0<\/strong><\/p>\n<p><strong>\u00a0<\/strong><\/p>\n<p><strong>\u00a0<\/strong><\/p>\n<p><strong>\u00a0<\/strong><\/p>\n<p><strong>\u00a0<\/strong><\/p>\n<p><strong>\u00a0<\/strong><\/p>\n<p><strong>Psicolog\u00eda del desarrollo y el aprendizaje I <\/strong><\/p>\n<p><strong>(64)<\/strong><\/td>\n<td rowspan=\"2\" width=\"32\">&nbsp;<\/td>\n<td width=\"221\"><strong><em>\u00a0<\/em><\/strong><\/p>\n<p>Campo de la Pr\u00e1ctica Docente<\/td>\n<td rowspan=\"2\" width=\"32\">&nbsp;<\/td>\n<td rowspan=\"2\" width=\"107\"><strong>\u00a0<\/strong><\/p>\n<p><strong>Did\u00e1ctica de las Pr\u00e1cticas Gimn\u00e1sticas I ( 64 )<\/strong><\/p>\n<p><strong>\u00a0<\/strong><\/p>\n<p><strong>Did\u00e1ctica de las Pr\u00e1cticas\u00a0 Acu\u00e1ticas <\/strong><\/p>\n<p><strong>\u00a0( 64 )<\/strong><\/p>\n<p><strong>\u00a0<\/strong><\/p>\n<p><strong>Did\u00e1ctica de las pr\u00e1cticas L\u00fadicas<\/strong><\/p>\n<p><strong>( 64 )<\/strong><\/p>\n<p><strong>\u00a0<\/strong><\/p>\n<p><strong>Anatom\u00eda\u00a0\u00a0\u00a0\u00a0\u00a0 Funcional\u00a0\u00a0\u00a0\u00a0 <\/strong><\/p>\n<p><strong>\u00a0( 64 )<\/strong><\/p>\n<p><strong>\u00a0<\/strong><\/p>\n<p><strong>Historia de la Educ. F\u00edsica en Latin. y Argentina\u00a0\u00a0\u00a0\u00a0 <\/strong><\/p>\n<p><strong>\u00a0( 64 )<\/strong><\/td>\n<td rowspan=\"2\" width=\"113\"><strong>Campo de los Saberes espec\u00edficos<\/strong><\/p>\n<p><strong>( 320 )<\/strong><\/td>\n<\/tr>\n<tr>\n<td width=\"221\"><strong><em>\u00a0<\/em><\/strong><\/p>\n<p><strong><em>\u00a0<\/em><\/strong><\/p>\n<p><strong><em>\u00a0<\/em><\/strong><\/p>\n<p><strong><em>\u00a0<\/em><\/strong><\/p>\n<p><strong><em>Pr\u00e1ctica en terreno<\/em><\/strong><\/p>\n<p>Experiencia social en espacios y organizaciones de la comunidad<\/p>\n<p>(32)<\/td>\n<\/tr>\n<tr>\n<td width=\"118\">&nbsp;<\/td>\n<td width=\"114\">&nbsp;<\/td>\n<td width=\"32\">&nbsp;<\/td>\n<td width=\"221\"><strong>\u00a0<\/strong><\/p>\n<p><strong>Taller Integrador Interdisciplinario<\/strong><\/p>\n<p>Ciudad Educadora<\/p>\n<p>(32)<\/td>\n<td width=\"32\">&nbsp;<\/td>\n<td width=\"107\">&nbsp;<\/td>\n<td width=\"113\">&nbsp;<\/td>\n<\/tr>\n<tr>\n<td width=\"118\">&nbsp;<\/td>\n<td width=\"114\">&nbsp;<\/td>\n<td width=\"32\">&nbsp;<\/td>\n<td width=\"221\"><strong><em>\u00a0<\/em><\/strong><\/p>\n<p><strong>\u00a0\u00a0\u00a0\u00a0 Herramientas<\/strong><\/p>\n<p>Educaci\u00f3n social y estrategias de educaci\u00f3n popular<\/p>\n<p>(32)<\/td>\n<td width=\"32\">&nbsp;<\/td>\n<td width=\"107\">&nbsp;<\/td>\n<td width=\"113\">&nbsp;<\/td>\n<\/tr>\n<\/tbody>\n<\/table>\n<p>&nbsp;<\/p>\n<table>\n<tbody>\n<tr>\n<td width=\"173\"><strong>\u00a0<\/strong><\/p>\n<p><strong>Filosof\u00eda<\/strong><\/p>\n<p><strong>(64)<\/strong><\/p>\n<p>&nbsp;<\/td>\n<td width=\"176\"><strong>\u00a0<\/strong><\/p>\n<p><strong>Did\u00e1ctica General<\/strong><\/p>\n<p><strong>(64)<\/strong><\/td>\n<td width=\"180\"><strong>\u00a0<\/strong><\/p>\n<p><strong>Pedagog\u00eda<\/strong><\/p>\n<p><strong>(64)<\/strong><\/td>\n<td width=\"207\"><strong>\u00a0<\/strong><\/p>\n<p><strong>An\u00e1lisis del Mundo Contempor\u00e1neo\u00a0\u00a0\u00a0\u00a0 ( 32 )<\/strong><\/td>\n<\/tr>\n<tr>\n<td colspan=\"4\" width=\"736\"><strong>\u00a0<\/strong><\/p>\n<p><strong>Campo de la Fundamentaci\u00f3n<\/strong><\/p>\n<p>&nbsp;<\/td>\n<\/tr>\n<\/tbody>\n<\/table>\n<p><strong>\u00a0<\/strong><\/p>\n<p><strong>\u00a0<\/strong><\/p>\n<p><strong>\u00a0<\/strong><\/p>\n<p><strong>Total de horas anuales: 832 horas<\/strong><\/p>\n<p><strong>\u00a0<\/strong><\/p>\n<p><strong>\u00a0<\/strong><\/p>\n<p><strong>\u00a0<\/strong><\/p>\n<p><strong>\u00a0<\/strong><\/p>\n<p><strong>\u00a0<\/strong><\/p>\n<p><strong>\u00a0<\/strong><\/p>\n<p><strong>\u00a0<\/strong><\/p>\n<p><strong>\u00a0<\/strong><\/p>\n<p><strong>\u00a0<\/strong><\/p>\n<p><strong>Segundo A\u00f1o<\/strong><\/p>\n<p><strong>\u00a0<\/strong><\/p>\n<table>\n<tbody>\n<tr>\n<td colspan=\"7\" width=\"735\"><strong>Campo de la Pr\u00e1ctica Docente<\/strong><\/td>\n<\/tr>\n<tr>\n<td rowspan=\"2\" width=\"118\"><strong>Campo\u00a0 de la Subjetividad y las Culturas<\/strong><\/td>\n<td rowspan=\"2\" width=\"114\"><strong>\u00a0<\/strong><\/p>\n<p><strong>\u00a0<\/strong><\/p>\n<p><strong>\u00a0<\/strong><\/p>\n<p><strong>\u00a0<\/strong><\/p>\n<p><strong>\u00a0<\/strong><\/p>\n<p><strong>\u00a0<\/strong><\/p>\n<p><strong>\u00a0<\/strong><\/p>\n<p><strong>\u00a0<\/strong><\/p>\n<p><strong>\u00a0<\/strong><\/p>\n<p><strong>Psicolog\u00eda del desarrollo y el aprendizaje I <\/strong><\/p>\n<p><strong>(64)<\/strong><\/p>\n<p><strong>\u00a0<\/strong><\/p>\n<p><strong>\u00a0<\/strong><\/p>\n<p><strong>\u00a0<\/strong><\/p>\n<p><strong>\u00a0<\/strong><\/p>\n<p><strong>\u00a0<\/strong><\/p>\n<p><strong>\u00a0<\/strong><\/p>\n<p>&nbsp;<\/td>\n<td rowspan=\"2\" width=\"32\">&nbsp;<\/td>\n<td width=\"213\"><strong><em>\u00a0<\/em><\/strong><\/p>\n<p>Campo de la Pr\u00e1ctica Docente<\/td>\n<td rowspan=\"2\" width=\"32\">&nbsp;<\/td>\n<td rowspan=\"2\" width=\"113\">&nbsp;<\/p>\n<p><strong>Did\u00e1ctica de las Pr\u00e1cticas Gimn\u00e1sticas II <\/strong><\/p>\n<p><strong>( 64)<\/strong><\/p>\n<p><strong>\u00a0<\/strong><\/p>\n<p><strong>Did\u00e1ctica de las Pr\u00e1cticas de la\u00a0\u00a0\u00a0\u00a0\u00a0 Recreaci\u00f3n Participativa\u00a0\u00a0\u00a0\u00a0\u00a0\u00a0 ( 64)<\/strong><\/p>\n<p><strong>\u00a0<\/strong><\/p>\n<p><strong>Did\u00e1ctica de las Pr\u00e1cticas Deportivas I <\/strong><\/p>\n<p><strong>( 128 )<\/strong><\/p>\n<p><strong>\u00a0<\/strong><\/p>\n<p><strong>Did\u00e1ctica de las Pr\u00e1cticas\u00a0 Atl\u00e9ticas\u00a0\u00a0\u00a0\u00a0\u00a0 <\/strong><\/p>\n<p><strong>\u00a0 ( 64 )<\/strong><\/p>\n<p><strong>\u00a0<\/strong><\/p>\n<p><strong>Fisiolog\u00eda de la Motricidad (64)<\/strong><\/p>\n<p><strong>\u00a0<\/strong><\/p>\n<p><strong>Did\u00e1ctica de las pr\u00e1cticas en la Naturaleza y al Aire Libre I\u00a0\u00a0\u00a0\u00a0 <\/strong><\/p>\n<p><strong>\u00a0( 64 )<\/strong><\/p>\n<p><strong>\u00a0<\/strong><\/p>\n<p><strong>Did\u00e1ctica y Curr\u00edculum\u00a0\u00a0 de la Educ. F\u00edsica del Nivel Inicial y del Nivel Primario <\/strong><\/p>\n<p><strong>(64)<\/strong><\/p>\n<p><strong>\u00a0<\/strong><\/p>\n<p><strong>\u00a0\u00a0\u00a0\u00a0 T.F.O. ( 64 )<\/strong><\/td>\n<td rowspan=\"2\" width=\"115\"><strong>Campo de los Saberes\u00a0 Espec\u00edficos<\/strong><\/p>\n<p><strong>(576)<\/strong><\/td>\n<\/tr>\n<tr>\n<td width=\"213\"><strong><em>\u00a0<\/em><\/strong><\/p>\n<p><strong><em>\u00a0<\/em><\/strong><\/p>\n<p><strong><em>\u00a0<\/em><\/strong><\/p>\n<p><strong><em>Pr\u00e1cticas en terreno<\/em><\/strong><\/p>\n<p>En instituciones educativas<\/p>\n<p>(distintos \u00e1mbitos: urbano,suburbano, rural)<\/p>\n<p>(64)<\/td>\n<\/tr>\n<tr>\n<td width=\"118\">&nbsp;<\/td>\n<td width=\"114\">&nbsp;<\/td>\n<td width=\"32\">&nbsp;<\/td>\n<td width=\"213\"><strong>\u00a0<\/strong><\/p>\n<p><strong>Taller Integrador Interdisciplinario<\/strong><\/p>\n<p>Espacio escolar y realidad educativa<\/p>\n<p>(32)<\/td>\n<td width=\"32\">&nbsp;<\/td>\n<td width=\"113\">&nbsp;<\/td>\n<td width=\"115\">&nbsp;<\/td>\n<\/tr>\n<tr>\n<td width=\"118\">&nbsp;<\/td>\n<td width=\"114\">&nbsp;<\/td>\n<td width=\"32\">&nbsp;<\/td>\n<td width=\"213\">&nbsp;<\/p>\n<p><strong>\u00a0<\/strong><\/p>\n<p><strong>Herramientas <\/strong><\/p>\n<p>Aproximaci\u00f3n y an\u00e1lisis cualitativo institucional<\/p>\n<p>(32)<\/td>\n<td width=\"32\">&nbsp;<\/td>\n<td width=\"113\">&nbsp;<\/td>\n<td width=\"115\">&nbsp;<\/td>\n<\/tr>\n<\/tbody>\n<\/table>\n<p>&nbsp;<\/p>\n<p>&nbsp;<\/p>\n<table>\n<tbody>\n<tr>\n<td width=\"729\"><strong>Teor\u00edas sociopol\u00edticas y\u00a0 educaci\u00f3n <\/strong><\/p>\n<p><strong>(64)<\/strong><\/p>\n<p>&nbsp;<\/td>\n<\/tr>\n<tr>\n<td width=\"729\"><strong>Campo de la Fundamentaci\u00f3n<\/strong><\/td>\n<\/tr>\n<\/tbody>\n<\/table>\n<p><strong>\u00a0<\/strong><\/p>\n<p><strong>\u00a0<\/strong><\/p>\n<p><strong>Total de horas anuales:\u00a0\u00a0 832 horas<\/strong><\/p>\n<p><strong>\u00a0<\/strong><\/p>\n<p><strong>\u00a0<\/strong><\/p>\n<p><strong>\u00a0<\/strong><\/p>\n<p><strong>\u00a0<\/strong><\/p>\n<p><strong>\u00a0<\/strong><\/p>\n<p><strong>\u00a0<\/strong><\/p>\n<p><strong>Tercer A\u00f1o<\/strong><\/p>\n<p><strong>\u00a0<\/strong><\/p>\n<table>\n<tbody>\n<tr>\n<td rowspan=\"2\" width=\"115\"><strong>Campo\u00a0 de la Subjetividad y las Culturas<\/strong><\/td>\n<td rowspan=\"2\" width=\"134\">&nbsp;<\/p>\n<p>&nbsp;<\/p>\n<p><strong>\u00a0<\/strong><\/p>\n<p><strong>\u00a0<\/strong><\/p>\n<p><strong>\u00a0<\/strong><\/p>\n<p><strong>\u00a0<\/strong><\/p>\n<p><strong>Configuraciones culturales del sujeto educativo<\/strong><\/p>\n<p><strong>( 64 )<\/strong><\/p>\n<p><strong>\u00a0<\/strong><\/p>\n<p><strong>\u00a0<\/strong><\/p>\n<p>&nbsp;<\/td>\n<td rowspan=\"2\" width=\"32\">&nbsp;<\/td>\n<td width=\"196\"><strong><em>\u00a0<\/em><\/strong><\/p>\n<p>Campo de la Pr\u00e1ctica Docente<\/td>\n<td rowspan=\"2\" width=\"32\">&nbsp;<\/td>\n<td rowspan=\"2\" width=\"128\"><strong>Did\u00e1ctica de las Pr\u00e1cticas<\/strong><\/p>\n<p><strong>Gimn\u00e1sticas III\u00a0\u00a0\u00a0\u00a0\u00a0\u00a0 ( 64 )<\/strong><\/p>\n<p><strong>\u00a0<\/strong><\/p>\n<p><strong>Did\u00e1ctica de las Pr\u00e1cticas\u00a0 Deportivas II <\/strong><\/p>\n<p><strong>( 128 )<\/strong><\/p>\n<p><strong>\u00a0<\/strong><\/p>\n<p><strong>Did\u00e1ctica de las Pr\u00e1cticas en la Naturaleza y al Aire\u00a0 Libre II\u00a0\u00a0 <\/strong><\/p>\n<p><strong>\u00a0\u00a0 ( 64 )<\/strong><\/p>\n<p><strong>\u00a0<\/strong><\/p>\n<p><strong>Metodolog\u00eda de la Investigaci\u00f3n en Educ. F\u00edsica<\/strong><\/p>\n<p><strong>(64)<\/strong><\/p>\n<p><strong>\u00a0<\/strong><\/p>\n<p><strong>An\u00e1lisis de las Acciones Motrices\u00a0\u00a0\u00a0\u00a0\u00a0\u00a0\u00a0\u00a0\u00a0\u00a0 ( 64 )<\/strong><\/p>\n<p><strong>\u00a0<\/strong><\/p>\n<p><strong>Did\u00e1ctica de la Educaci\u00f3n F\u00edsica del Nivel Secundario y de otros \u00e1mbitos educativos <\/strong><\/p>\n<p><strong>\u00a0(64)<\/strong><\/p>\n<p><strong>\u00a0<\/strong><\/p>\n<p><strong>\u00a0<\/strong><\/p>\n<p><strong>T.F.O. (64)<\/strong><\/p>\n<p>&nbsp;<\/td>\n<td rowspan=\"2\" width=\"103\"><strong>Campo de los Saberes Espec\u00edficos<\/strong><\/p>\n<p><strong>(512)<\/strong><\/td>\n<\/tr>\n<tr>\n<td width=\"196\"><strong><em>\u00a0<\/em><\/strong><\/p>\n<p><strong><em>\u00a0<\/em><\/strong><\/p>\n<p><strong><em>\u00a0<\/em><\/strong><\/p>\n<p><strong><em>Pr\u00e1ctica en terreno<\/em><\/strong><\/p>\n<p>En el aula , en el nivel de formaci\u00f3n y en otros \u00e1mbitos educativos<\/p>\n<p>(96)<\/p>\n<p><strong><em>\u00a0<\/em><\/strong><\/td>\n<\/tr>\n<tr>\n<td width=\"115\">&nbsp;<\/td>\n<td width=\"134\">&nbsp;<\/td>\n<td width=\"32\">&nbsp;<\/td>\n<td width=\"196\"><strong>\u00a0<\/strong><\/p>\n<p><strong>Taller Integrador Interdisciplinario<\/strong><\/p>\n<p>Relaci\u00f3n educativa<\/p>\n<p>(32)<\/p>\n<p>&nbsp;<\/td>\n<td width=\"32\">&nbsp;<\/td>\n<td width=\"128\">&nbsp;<\/td>\n<td width=\"103\">&nbsp;<\/td>\n<\/tr>\n<tr>\n<td width=\"115\">&nbsp;<\/td>\n<td width=\"134\">&nbsp;<\/td>\n<td width=\"32\">&nbsp;<\/td>\n<td width=\"196\">&nbsp;<\/p>\n<p><strong>\u00a0<\/strong><\/p>\n<p><strong>Herramientas<\/strong><\/p>\n<p>Investigaci\u00f3n en y para la acci\u00f3n educativa (32)<\/td>\n<td width=\"32\">&nbsp;<\/td>\n<td width=\"128\">&nbsp;<\/td>\n<td width=\"103\">&nbsp;<\/td>\n<\/tr>\n<\/tbody>\n<\/table>\n<p>&nbsp;<\/p>\n<p>&nbsp;<\/p>\n<table>\n<tbody>\n<tr>\n<td width=\"736\"><strong>\u00a0<\/strong><\/p>\n<p><strong>\u00a0<\/strong><\/p>\n<p><strong>Historia, Pol\u00edtica y Legislaci\u00f3n\u00a0 Educativa<\/strong><\/p>\n<p><strong>(64)<\/strong><\/td>\n<\/tr>\n<tr>\n<td width=\"736\"><strong>Campo de la Fundamentaci\u00f3n<\/strong><\/td>\n<\/tr>\n<\/tbody>\n<\/table>\n<p><strong>\u00a0<\/strong><\/p>\n<p><strong>Total de horas anuales:\u00a0\u00a0 800 horas<\/strong><\/p>\n<p><strong>\u00a0<\/strong><\/p>\n<p><strong>\u00a0<\/strong><\/p>\n<p><strong>\u00a0<\/strong><\/p>\n<p><strong>\u00a0<\/strong><\/p>\n<p><strong>\u00a0<\/strong><\/p>\n<p><strong>\u00a0<\/strong><\/p>\n<p><strong>\u00a0<\/strong><\/p>\n<p><strong>\u00a0<\/strong><\/p>\n<p><strong>\u00a0<\/strong><\/p>\n<p><strong>\u00a0<\/strong><\/p>\n<p><strong>Cuarto a\u00f1o<\/strong><\/p>\n<p>&nbsp;<\/p>\n<table>\n<tbody>\n<tr>\n<td rowspan=\"2\" width=\"117\"><strong>Campo\u00a0 de la Subjetividad y las Culturas<\/strong><\/td>\n<td rowspan=\"2\" width=\"111\">&nbsp;<\/p>\n<p>&nbsp;<\/p>\n<p><strong>\u00a0<\/strong><\/p>\n<p><strong>\u00a0<\/strong><\/p>\n<p><strong>\u00a0<\/strong><\/p>\n<p><strong>\u00a0<\/strong><\/p>\n<p><strong>\u00a0<\/strong><\/p>\n<p><strong>\u00a0<\/strong><\/p>\n<p><strong>\u00a0<\/strong><\/p>\n<p><strong>Pedagog\u00eda cr\u00edtica de las diferencias <\/strong><\/p>\n<p><strong>(32)<\/strong><\/td>\n<td rowspan=\"2\" width=\"32\">&nbsp;<\/td>\n<td width=\"205\">&nbsp;<\/p>\n<p>Campo de la Pr\u00e1ctica Docente<\/td>\n<td rowspan=\"2\" width=\"32\">&nbsp;<\/td>\n<td rowspan=\"2\" width=\"127\">&nbsp;<\/p>\n<p><strong>\u00a0<\/strong><\/p>\n<p><strong>Did\u00e1ctica de las Pr\u00e1cticas Gimn\u00e1sticas\u00a0 Especiales<\/strong><\/p>\n<p><strong>( 64 )<\/strong><\/p>\n<p><strong>\u00a0<\/strong><\/p>\n<p><strong>Did\u00e1ctica de las pr\u00e1cticas\u00a0 Deportivas III<\/strong><\/p>\n<p><strong>( 128 )<\/strong><\/p>\n<p><strong>\u00a0<\/strong><\/p>\n<p><strong>Antropolog\u00eda y Sociolog\u00eda del Cuerpo<\/strong><\/p>\n<p><strong>(64)<\/strong><\/p>\n<p><strong>\u00a0<\/strong><\/p>\n<p><strong>Did\u00e1ctica del Entrenamiento<\/strong><\/p>\n<p><strong>( 64)<\/strong><\/p>\n<p><strong>\u00a0<\/strong><\/p>\n<p><strong>T.F.O. (192)<\/strong><\/p>\n<p>&nbsp;<\/td>\n<td rowspan=\"2\" width=\"113\"><strong>Campo de los Saberes Espec\u00edficos<\/strong><\/p>\n<p><strong>( 512)<\/strong><\/td>\n<\/tr>\n<tr>\n<td width=\"205\"><strong>\u00a0<\/strong><\/p>\n<p><strong>\u00a0<\/strong><\/p>\n<p><strong>\u00a0<\/strong><\/p>\n<p><strong>Pr\u00e1ctica en terreno<\/strong><\/p>\n<p>En el aula, en el nivel de formaci\u00f3n y en otros \u00e1mbitos educativos<\/p>\n<p>( 128)<\/p>\n<p>&nbsp;<\/td>\n<\/tr>\n<tr>\n<td width=\"117\">&nbsp;<\/td>\n<td width=\"111\">&nbsp;<\/td>\n<td width=\"32\">&nbsp;<\/td>\n<td width=\"205\"><strong>\u00a0<\/strong><\/p>\n<p><strong>Taller Integrador Interdisciplinario<\/strong><\/p>\n<p>Posicionamiento docente<\/p>\n<p>(32)<\/p>\n<p>&#8211; &#8211; &#8211; &#8211; &#8211; &#8211; &#8211; &#8211; &#8211; &#8211; &#8211; &#8211; &#8211; &#8211; &#8211; &#8211; &#8211; &#8211; &#8211; &#8211; &#8211; &#8211;<\/p>\n<p>&nbsp;<\/td>\n<td width=\"32\">&nbsp;<\/td>\n<td width=\"127\">&nbsp;<\/td>\n<td width=\"113\">&nbsp;<\/td>\n<\/tr>\n<\/tbody>\n<\/table>\n<p>&nbsp;<\/p>\n<p>&nbsp;<\/p>\n<table>\n<tbody>\n<tr>\n<td width=\"363\"><strong>\u00a0<\/strong><\/p>\n<p><strong>Reflexi\u00f3n filos\u00f3fica de la educaci\u00f3n (32)<\/strong><\/p>\n<p>&nbsp;<\/td>\n<td width=\"373\"><strong>\u00a0<\/strong><\/p>\n<p><strong>Dimensi\u00f3n\u00a0 \u00e9tico-pol\u00edtica de la praxis docente <\/strong><\/p>\n<p><strong>(32)<\/strong><\/td>\n<\/tr>\n<tr>\n<td colspan=\"2\" width=\"736\"><strong>Campo de la Fundamentaci\u00f3n<\/strong><\/td>\n<\/tr>\n<\/tbody>\n<\/table>\n<p><strong>\u00a0<\/strong><\/p>\n<p><strong>\u00a0<\/strong><\/p>\n<p><strong>\u00a0<\/strong><\/p>\n<p><strong>Total de horas anuales: 768 horas<\/strong><\/p>\n<p><strong>\u00a0<\/strong><\/p>\n<p><strong>Total de horas Dise\u00f1o 3232\u00a0\u00a0 horas<\/strong><\/p>\n<p><strong>\u00a0<\/strong><\/p>\n<p><strong>Para el c\u00e1lculo de los M\u00f3dulos semanales debe dividirse el n\u00famero total de horas por 32.\u00a0 As\u00ed, a 32 horas corresponde 1 M\u00f3dulo semanal;\u00a0\u00a0\u00a0 a 64horas: 2 M\u00f3dulos, etc.<\/strong><\/p>\n<p>&nbsp;<\/p>\n<p><strong>CORRELATIVIDADES<\/strong><\/p>\n<p>&nbsp;<\/p>\n<table>\n<tbody>\n<tr>\n<td width=\"360\"><strong>2do. A\u00f1o<\/strong><\/td>\n<td width=\"360\"><strong>Correlativa<\/strong><\/td>\n<\/tr>\n<tr>\n<td width=\"360\">Psicolog\u00eda del Desarrollo y del Aprendizaje II<\/td>\n<td width=\"360\">Psicolog\u00eda del Desarrollo y del Aprendizaje I<\/td>\n<\/tr>\n<tr>\n<td width=\"360\">Teor\u00edas Sociopol\u00edticas y Educaci\u00f3n<\/td>\n<td width=\"360\">&#8212;&#8212;&#8212;&#8212;&#8212;&#8212;&#8212;&#8212;&#8212;&#8212;&#8212;&#8212;&#8212;&#8212;-<\/td>\n<\/tr>\n<tr>\n<td width=\"360\">Did\u00e1ctica y Curr\u00edculo de la Educaci\u00f3n F\u00edsica del nivel Inicial y del Nivel Primario<\/td>\n<td width=\"360\">Did\u00e1ctica General<\/td>\n<\/tr>\n<tr>\n<td width=\"360\">Did\u00e1ctica de las Pr\u00e1cticas\u00a0 Gimn\u00e1sticas II<\/td>\n<td width=\"360\">Did\u00e1ctica las Pr\u00e1cticas\u00a0 Gimn\u00e1sticas\u00a0 I<\/td>\n<\/tr>\n<tr>\n<td width=\"360\">Did\u00e1ctica de las Pr\u00e1cticas de la\u00a0 Recreaci\u00f3n Participativa<\/td>\n<td width=\"360\">&#8212;&#8212;&#8212;&#8212;&#8212;&#8212;&#8212;&#8212;&#8212;&#8212;&#8212;&#8212;&#8212;&#8212;-<\/td>\n<\/tr>\n<tr>\n<td width=\"360\">Did\u00e1ctica de las Pr\u00e1cticas Deportivas I<\/td>\n<td width=\"360\">&#8212;&#8212;&#8212;&#8212;&#8212;&#8212;&#8212;&#8212;&#8212;&#8212;&#8212;&#8212;&#8212;&#8212;-<\/td>\n<\/tr>\n<tr>\n<td width=\"360\">Did\u00e1ctica de las Pr\u00e1cticas Atl\u00e9ticas<\/td>\n<td width=\"360\">&#8212;&#8212;&#8212;&#8212;&#8212;&#8212;&#8212;&#8212;&#8212;&#8212;&#8212;&#8212;&#8212;&#8212;-<\/td>\n<\/tr>\n<tr>\n<td width=\"360\">Fisiolog\u00eda de la Motricidad<\/td>\n<td width=\"360\">Anatom\u00eda Funcional<\/td>\n<\/tr>\n<tr>\n<td width=\"360\">Did\u00e1ctica de las Pr\u00e1cticas en la Naturaleza y al Aire Libre I<\/td>\n<td width=\"360\">&nbsp;<\/p>\n<p>&#8212;&#8212;&#8212;&#8212;&#8212;&#8212;&#8212;&#8212;&#8212;&#8212;&#8212;&#8212;&#8212;&#8212;-<\/td>\n<\/tr>\n<tr>\n<td width=\"360\">Campo de la Pr\u00e1ctica Docente II<\/td>\n<td width=\"360\">Campo de la Pr\u00e1ctica Docente I<\/td>\n<\/tr>\n<tr>\n<td width=\"360\"><strong>3er. A\u00f1o<\/strong><\/td>\n<td width=\"360\">&nbsp;<\/td>\n<\/tr>\n<tr>\n<td width=\"360\">Configuraciones Culturales del Sujeto Educativo<\/td>\n<td width=\"360\">Psicolog\u00eda del Desarrollo y del Aprendizaje II<\/td>\n<\/tr>\n<tr>\n<td width=\"360\">Historia, Pol\u00edtica y Legislaci\u00f3n Educativa<\/td>\n<td width=\"360\">&#8212;&#8212;&#8212;&#8212;&#8212;&#8212;&#8212;&#8212;&#8212;&#8212;&#8212;&#8212;&#8212;&#8212;-<\/td>\n<\/tr>\n<tr>\n<td width=\"360\">Did\u00e1ctica de la Educaci\u00f3n F\u00edsica del Nivel secundario y de otros \u00e1mbitos educativos<\/td>\n<td width=\"360\">Did\u00e1ctica y Curr\u00edculum de la Educaci\u00f3n F\u00edsica del Nivel Inicial y del Nivel Primario<\/td>\n<\/tr>\n<tr>\n<td width=\"360\">Did\u00e1ctica de las Pr\u00e1cticas Gimn\u00e1sticas III<\/td>\n<td width=\"360\">Did\u00e1ctica de las Pr\u00e1cticas Gimn\u00e1sticas II<\/td>\n<\/tr>\n<tr>\n<td width=\"360\">Did\u00e1ctica de las Pr\u00e1cticas Deportivas II<\/td>\n<td width=\"360\">&#8212;&#8212;&#8212;&#8212;&#8212;&#8212;&#8212;&#8212;&#8212;&#8212;&#8212;&#8212;&#8212;&#8212;-<\/td>\n<\/tr>\n<tr>\n<td width=\"360\">Did\u00e1ctica de las Pr\u00e1cticas en la Naturaleza y al Aire Libre II<\/td>\n<td width=\"360\">Did\u00e1ctica de las Pr\u00e1cticas en la Naturaleza y al Aire Libre I<\/td>\n<\/tr>\n<tr>\n<td width=\"360\">Metodolog\u00eda de la Investigaci\u00f3n en Educaci\u00f3n F\u00edsica<\/td>\n<td width=\"360\">Did\u00e1ctica y Curr\u00edculum de la Educaci\u00f3n F\u00edsica del Nivel Inicial y del Nivel Primario y el Campo de la Pr\u00e1ctica Docente II<\/td>\n<\/tr>\n<tr>\n<td width=\"360\">An\u00e1lisis de las Acciones Motrices<\/td>\n<td width=\"360\">Fisiolog\u00eda de la motricidad<\/td>\n<\/tr>\n<tr>\n<td width=\"360\">Campo de la Pr\u00e1ctica Docente III<\/td>\n<td width=\"360\">Campo de la Pr\u00e1ctica Docente II<\/p>\n<p>Did\u00e1ctica y Curr\u00edculo de la Educaci\u00f3n F\u00edsica del Nivel Inicial y del Nivel Primario<\/p>\n<p>Did\u00e1ctica de las Pr\u00e1cticas L\u00fadicas.<\/p>\n<p>Did\u00e1ctica de las Pr\u00e1cticas Acu\u00e1ticas.<\/p>\n<p>Did\u00e1ctica de las Pr\u00e1cticas Gimn\u00e1sticas II<\/p>\n<p>Did\u00e1ctica de las Pr\u00e1cticas de la\u00a0 Recreaci\u00f3n Participativa.<\/p>\n<p>Did\u00e1ctica de las Pr\u00e1cticas Deportivas I<\/p>\n<p>Did\u00e1ctica de las Pr\u00e1cticas Atl\u00e9ticas.<\/p>\n<p>Did\u00e1ctica de las Pr\u00e1cticas en la Naturaleza y al Aire Libre I<\/td>\n<\/tr>\n<tr>\n<td width=\"360\"><strong>4to. A\u00f1o<\/strong><\/td>\n<td width=\"360\">&nbsp;<\/td>\n<\/tr>\n<tr>\n<td width=\"360\">Pedagog\u00eda cr\u00edtica de las diferencias<\/td>\n<td width=\"360\">&#8212;&#8212;&#8212;&#8212;&#8212;&#8212;&#8212;&#8212;&#8212;&#8212;&#8212;&#8212;&#8212;&#8212;-<\/td>\n<\/tr>\n<tr>\n<td width=\"360\">Reflexi\u00f3n filos\u00f3fica de la educaci\u00f3n<\/td>\n<td width=\"360\">&#8212;&#8212;&#8212;&#8212;&#8212;&#8212;&#8212;&#8212;&#8212;&#8212;&#8212;&#8212;&#8212;&#8212;-<\/td>\n<\/tr>\n<tr>\n<td width=\"360\">Dimensi\u00f3n \u00e9tico \u2013 pol\u00edtica de la praxis docente<\/td>\n<td width=\"360\">&#8212;&#8212;&#8212;&#8212;&#8212;&#8212;&#8212;&#8212;&#8212;&#8212;&#8212;&#8212;&#8212;&#8212;-<\/td>\n<\/tr>\n<tr>\n<td width=\"360\">Did\u00e1ctica de las Pr\u00e1cticas Gimn\u00e1sticas Especiales<\/td>\n<td width=\"360\">Did\u00e1ctica de las Pr\u00e1cticas Gimn\u00e1sticas III<\/td>\n<\/tr>\n<tr>\n<td width=\"360\">Did\u00e1ctica de las Pr\u00e1cticas Deportivas III<\/td>\n<td width=\"360\">&#8212;&#8212;&#8212;&#8212;&#8212;&#8212;&#8212;&#8212;&#8212;&#8212;&#8212;&#8212;&#8212;&#8212;-<\/td>\n<\/tr>\n<tr>\n<td width=\"360\">Antropolog\u00eda y Sociolog\u00eda del cuerpo<\/td>\n<td width=\"360\">&#8212;&#8212;&#8212;&#8212;&#8212;&#8212;&#8212;&#8212;&#8212;&#8212;&#8212;&#8212;&#8212;&#8212;-<\/td>\n<\/tr>\n<tr>\n<td width=\"360\">Did\u00e1ctica del Entrenamiento<\/td>\n<td width=\"360\">An\u00e1lisis de las acciones motrices<\/td>\n<\/tr>\n<tr>\n<td width=\"360\">Campo de la Pr\u00e1ctica Docente IV<\/td>\n<td width=\"360\">Campo de la Pr\u00e1ctica Docente III<\/p>\n<p>Did\u00e1ctica de la Educaci\u00f3n F\u00edsica del Nivel Secundario y otros \u00e1mbitos educativos.<\/p>\n<p>Did\u00e1ctica de las Pr\u00e1cticas Gimn\u00e1sticas III<\/p>\n<p>Did\u00e1ctica de las Pr\u00e1cticas Deportivas II<\/p>\n<p>Did\u00e1ctica de las Pr\u00e1cticas en la Naturaleza y al Aire Libre II<\/td>\n<\/tr>\n<\/tbody>\n<\/table>\n<p>&nbsp;<\/p>\n<p>&nbsp;<\/p>\n","protected":false},"excerpt":{"rendered":"<p>ESTRUCTURA CURRICULAR\u00a0\u00a0\u00a0\u00a0 Primer A\u00f1o Campo de Actualizaci\u00f3n Formativa Taller de lectura, escritura y\u00a0 oralidad (64) &nbsp; Taller de educaci\u00f3n\u00a0 corporal y motriz ( 64 ) &nbsp; &nbsp; &nbsp; &nbsp; &nbsp; Campo\u00a0 de la Subjetividad y las culturas &nbsp; &nbsp; \u00a0 \u00a0 \u00a0 \u00a0 \u00a0 \u00a0 \u00a0 Psicolog\u00eda del desarrollo y el aprendizaje I (64) &nbsp; &#8230; <a title=\"PLAN DE ESTUDIOS (PFEF)\" class=\"read-more\" href=\"https:\/\/isfd91-bue.infd.edu.ar\/sitio\/plan-de-estudios-pfef\/\" aria-label=\"More on PLAN DE ESTUDIOS (PFEF)\">[+]<\/a><\/p>\n","protected":false},"author":62,"featured_media":0,"parent":0,"menu_order":0,"comment_status":"closed","ping_status":"closed","template":"","meta":[],"acf":[],"_links":{"self":[{"href":"https:\/\/isfd91-bue.infd.edu.ar\/sitio\/wp-json\/wp\/v2\/pages\/1260"}],"collection":[{"href":"https:\/\/isfd91-bue.infd.edu.ar\/sitio\/wp-json\/wp\/v2\/pages"}],"about":[{"href":"https:\/\/isfd91-bue.infd.edu.ar\/sitio\/wp-json\/wp\/v2\/types\/page"}],"author":[{"embeddable":true,"href":"https:\/\/isfd91-bue.infd.edu.ar\/sitio\/wp-json\/wp\/v2\/users\/62"}],"replies":[{"embeddable":true,"href":"https:\/\/isfd91-bue.infd.edu.ar\/sitio\/wp-json\/wp\/v2\/comments?post=1260"}],"version-history":[{"count":1,"href":"https:\/\/isfd91-bue.infd.edu.ar\/sitio\/wp-json\/wp\/v2\/pages\/1260\/revisions"}],"predecessor-version":[{"id":1263,"href":"https:\/\/isfd91-bue.infd.edu.ar\/sitio\/wp-json\/wp\/v2\/pages\/1260\/revisions\/1263"}],"wp:attachment":[{"href":"https:\/\/isfd91-bue.infd.edu.ar\/sitio\/wp-json\/wp\/v2\/media?parent=1260"}],"curies":[{"name":"wp","href":"https:\/\/api.w.org\/{rel}","templated":true}]}}