{"id":1353,"date":"2020-07-30T17:36:46","date_gmt":"2020-07-30T20:36:46","guid":{"rendered":"https:\/\/isfd91-bue.infd.edu.ar\/sitio\/?page_id=1353"},"modified":"2020-07-30T17:36:46","modified_gmt":"2020-07-30T20:36:46","slug":"plan-de-estudios-tecnicatura-en-guia-de-turismo","status":"publish","type":"page","link":"https:\/\/isfd91-bue.infd.edu.ar\/sitio\/plan-de-estudios-tecnicatura-en-guia-de-turismo\/","title":{"rendered":"PLAN DE ESTUDIOS TECNICATURA EN GU\u00cdA DE TURISMO"},"content":{"rendered":"<p><a href=\"https:\/\/isfd91-bue.infd.edu.ar\/sitio\/wp-content\/uploads\/2019\/11\/2guia-de-turismores279-03.pdf\">2guia-de-turismores279-03<\/a><\/p>\n<p>PLAN DE ESTUDIOS<\/p>\n<p>PRIMER A\u00d1O<\/p>\n<p>-Ingl\u00e9s I<br \/>\n-Sicolog\u00eda Social<br \/>\n-Metodolog\u00eda de la Investigaci\u00f3n<br \/>\n-Introducci\u00f3n al Turismo<br \/>\n-Servicios Tur\u00edsticos<br \/>\n-Historia Argentina<br \/>\n-Historia del Arte Universal<br \/>\n-Estudio del Espacio Tur\u00edstico de Argentina y Am\u00e9rica<br \/>\n-Patrimonio Tur\u00edstico de Argentina y Am\u00e9rica<br \/>\n-Pr\u00e1ctica Profesional I<\/p>\n<p>-EDI: Dise\u00f1o de microemprendimientos tur\u00edsticos<\/p>\n<p>SEGUNDO A\u00d1O<\/p>\n<p>-Ingl\u00e9s II<\/p>\n<p>-Programaci\u00f3n de Circuitos Tur\u00edsticos<br \/>\n-Historia de las Culturas<br \/>\n-Estudio del Espacio Tur\u00edstico de Europa, \u00c1frica, Asia y Ocean\u00eda.<br \/>\n-Patrimonio Tur\u00edstico de Europa, \u00c1frica, Asia y Ocean\u00eda<br \/>\n-Recreaci\u00f3n y Animaci\u00f3n Socio Cultural<br \/>\n-Pr\u00e1ctica Profesional II<\/p>\n<p>-EDI<\/p>\n<p>TERCER A\u00d1O<\/p>\n<p>-Ingl\u00e9s III<br \/>\n-Conservaci\u00f3n del Medio Ambiente<br \/>\n-Legislaci\u00f3n Historia del Arte Argentino y Latinoamericano<br \/>\n-Folklore<\/p>\n<p>-Inform\u00e1tica<\/p>\n<p>-Pr\u00e1ctica Profesional III<\/p>\n<p>-EDI<\/p>\n","protected":false},"excerpt":{"rendered":"<p>2guia-de-turismores279-03 PLAN DE ESTUDIOS PRIMER A\u00d1O -Ingl\u00e9s I -Sicolog\u00eda Social -Metodolog\u00eda de la Investigaci\u00f3n -Introducci\u00f3n al Turismo -Servicios Tur\u00edsticos -Historia Argentina -Historia del Arte Universal -Estudio del Espacio Tur\u00edstico de Argentina y Am\u00e9rica -Patrimonio Tur\u00edstico de Argentina y Am\u00e9rica -Pr\u00e1ctica Profesional I -EDI: Dise\u00f1o de microemprendimientos tur\u00edsticos SEGUNDO A\u00d1O -Ingl\u00e9s II -Programaci\u00f3n de Circuitos Tur\u00edsticos &#8230; <a title=\"PLAN DE ESTUDIOS TECNICATURA EN GU\u00cdA DE TURISMO\" class=\"read-more\" href=\"https:\/\/isfd91-bue.infd.edu.ar\/sitio\/plan-de-estudios-tecnicatura-en-guia-de-turismo\/\" aria-label=\"More on PLAN DE ESTUDIOS TECNICATURA EN GU\u00cdA DE TURISMO\">[+]<\/a><\/p>\n","protected":false},"author":62,"featured_media":0,"parent":0,"menu_order":0,"comment_status":"closed","ping_status":"closed","template":"","meta":[],"acf":[],"_links":{"self":[{"href":"https:\/\/isfd91-bue.infd.edu.ar\/sitio\/wp-json\/wp\/v2\/pages\/1353"}],"collection":[{"href":"https:\/\/isfd91-bue.infd.edu.ar\/sitio\/wp-json\/wp\/v2\/pages"}],"about":[{"href":"https:\/\/isfd91-bue.infd.edu.ar\/sitio\/wp-json\/wp\/v2\/types\/page"}],"author":[{"embeddable":true,"href":"https:\/\/isfd91-bue.infd.edu.ar\/sitio\/wp-json\/wp\/v2\/users\/62"}],"replies":[{"embeddable":true,"href":"https:\/\/isfd91-bue.infd.edu.ar\/sitio\/wp-json\/wp\/v2\/comments?post=1353"}],"version-history":[{"count":1,"href":"https:\/\/isfd91-bue.infd.edu.ar\/sitio\/wp-json\/wp\/v2\/pages\/1353\/revisions"}],"predecessor-version":[{"id":1361,"href":"https:\/\/isfd91-bue.infd.edu.ar\/sitio\/wp-json\/wp\/v2\/pages\/1353\/revisions\/1361"}],"wp:attachment":[{"href":"https:\/\/isfd91-bue.infd.edu.ar\/sitio\/wp-json\/wp\/v2\/media?parent=1353"}],"curies":[{"name":"wp","href":"https:\/\/api.w.org\/{rel}","templated":true}]}}