{"id":1516,"date":"2021-09-15T09:55:14","date_gmt":"2021-09-15T12:55:14","guid":{"rendered":"https:\/\/isfd91-bue.infd.edu.ar\/sitio\/?page_id=1516"},"modified":"2022-04-06T19:44:02","modified_gmt":"2022-04-06T22:44:02","slug":"nueva-convocatoria-a-cubrir-espacios-2021","status":"publish","type":"page","link":"https:\/\/isfd91-bue.infd.edu.ar\/sitio\/nueva-convocatoria-a-cubrir-espacios-2021\/","title":{"rendered":"Nueva convocatoria a cubrir espacios 2022"},"content":{"rendered":"\n<p>&nbsp;&nbsp;&nbsp;&nbsp;&nbsp;&nbsp;&nbsp;&nbsp;&nbsp;&nbsp;&nbsp;&nbsp;&nbsp;&nbsp;&nbsp;&nbsp;&nbsp;&nbsp;&nbsp;&nbsp;&nbsp;&nbsp;&nbsp;&nbsp;&nbsp;&nbsp;&nbsp;&nbsp;&nbsp;&nbsp;&nbsp;&nbsp;&nbsp;&nbsp;&nbsp;&nbsp;&nbsp;&nbsp;&nbsp;&nbsp;&nbsp;&nbsp;&nbsp;&nbsp;&nbsp;&nbsp;&nbsp;&nbsp;&nbsp;&nbsp;&nbsp;&nbsp;&nbsp;&nbsp;&nbsp;&nbsp;&nbsp;&nbsp; La Direcci\u00f3n del Instituto Superior de Formaci\u00f3n Docente y T\u00e9cnica N\u00ba 91 \u201cDr. Ren\u00e9 Favaloro\u201d, en el marco de la Resoluci\u00f3n N\u00b0 5848\/02, N\u00b0 1234\/03 y 5886\/03, convoca a presentaci\u00f3n de propuesta para la cobertura de espacio curricular .<\/p>\n\n\n\n<p><strong>PARA TENER EN CUENTA:<\/strong><\/p>\n\n\n\n<figure class=\"wp-block-table\"><table><tbody><tr><td><strong>CARRERA<\/strong><\/td><td><strong>ASIGNATURA\/<br>ESPACIO<\/strong><\/td><td><strong>A\u00d1O\/<br>CURSO<\/strong><\/td><td><strong>CARGA<br>&nbsp;HORARIA<\/strong><\/td><td><strong>SITUACION DE<br>REVISTA<\/strong><\/td><\/tr><tr><td><strong>Profesorado de Educaci\u00f3n<br>F\u00edsica Res. 2432\/09<\/strong><\/td><td><strong>&nbsp;TFO:&nbsp; El agua con recurso<br>pedag\u00f3gico<\/strong><\/td><td><strong>2\u00b0<\/strong><\/td><td><strong>2<\/strong><\/td><td><strong>&nbsp;PROVISIONAL<\/strong><\/td><\/tr><tr><td><\/td><td><strong>Campo de la pr\u00e1ctica docente<\/strong><\/td><td><strong>2\u00b0<\/strong><strong><\/strong><\/td><td><strong>4<\/strong><strong><\/strong><\/td><td><strong>&nbsp;PROVISIONAL<\/strong><strong><\/strong><\/td><\/tr><tr><td><\/td><td><strong>Did\u00e1ctica y Curr\u00edculum de la Educ. F\u00edsica del Nivel Inicial y del Nivel Primario<\/strong><\/td><td><strong>2\u00b0<\/strong><\/td><td><strong>2<\/strong><\/td><td><strong>PROVISIONAL<\/strong><\/td><\/tr><tr><td><strong>Tecnicatura&nbsp; Superior en<br>Gu\u00eda de Turismo<br>&nbsp;Res. 279\/03<\/strong><\/td><td><strong>EDI: Entramado Socioproductivo tur\u00edstico<\/strong><\/td><td><strong>3\u00b0<\/strong><\/td><td><strong>2<\/strong><\/td><td><strong>PROVISIONAL<\/strong><\/td><\/tr><tr><td><\/td><td><strong>Patrimonio tur\u00edstico<\/strong> <strong>de Europa, \u00c1frica, Asia y Ocean\u00eda<\/strong><\/td><td><strong>2\u00b0<\/strong><\/td><td><strong>2<\/strong><\/td><td><strong>PROVISIONAL<\/strong><\/td><\/tr><tr><td><strong>Profesorado de<br>Educaci\u00f3n<br>Inicial<br>Res. 4154\/07<\/strong><\/td><td><strong>Did\u00e1ctica de las Ciencias Sociales<\/strong><\/td><td><strong>2\u00b0<\/strong><\/td><td><strong>2<\/strong><\/td><td><strong>PROVISIONAL<\/strong><strong><\/strong><\/td><\/tr><tr><td><\/td><td><strong>Taller de Ciencias Sociales<\/strong><\/td><td><strong>3\u00b0<\/strong><\/td><td><strong>1<\/strong><\/td><td><strong>PROVISIONAL<\/strong><\/td><\/tr><tr><td><\/td><td><strong>Psicolog\u00eda Social e Institucional<\/strong><\/td><td><strong>2\u00b0<\/strong><\/td><td><strong>1<\/strong><\/td><td><strong>PROVISIONAL<\/strong><\/td><\/tr><tr><td><\/td><td><strong>TFO: Expresi\u00f3n Corporal<\/strong><\/td><td><strong>3\u00b0<\/strong><\/td><td><strong>2<\/strong><\/td><td><strong>PROVISIONAL<\/strong><\/td><\/tr><\/tbody><\/table><\/figure>\n\n\n\n<ul><li><strong><u>Presentaci\u00f3n de propuestas e inscripci\u00f3n<\/u>:<\/strong> En sede de Instituto del 18\/04\/22 al\u00a0 20\/04\/22<\/li><\/ul>\n\n\n\n<ul><li><strong><u>Propuesta pedag\u00f3gica<\/u><\/strong>: en formato papel, dos copias de la misma y enviar en formato .pdf al mail del instituto <a href=\"mailto:instituto91tapalque@abc.gob.ar\">instituto91tapalque@abc.gob.ar<\/a><\/li><\/ul>\n\n\n\n<ul><li><strong><u>Anexo III con antecedentes<\/u><\/strong>: formato papel<\/li><\/ul>\n\n\n\n<ul><li><strong><u>Coloquios<\/u>:<\/strong> a partir del\u00a0 21\/04\/22<\/li><\/ul>\n\n\n\n<ul><li><strong><u>Lugar de inscripci\u00f3n<\/u><\/strong>: Av. San Mart\u00edn 97- Primer piso. Tapalqu\u00e9-Sede I. S. F. D. y T. &nbsp;N\u00b0 91<\/li><\/ul>\n\n\n\n<div class=\"wp-block-file\"><a href=\"https:\/\/isfd91-bue.infd.edu.ar\/sitio\/wp-content\/uploads\/2021\/11\/2guia-de-turismores279-03.pdf\">2guia-de-turismores279-03<\/a><a href=\"https:\/\/isfd91-bue.infd.edu.ar\/sitio\/wp-content\/uploads\/2021\/11\/2guia-de-turismores279-03.pdf\" class=\"wp-block-file__button\" download>Descarga<\/a><\/div>\n\n\n\n<div class=\"wp-block-file\"><a href=\"https:\/\/isfd91-bue.infd.edu.ar\/sitio\/wp-content\/uploads\/2022\/04\/Escritura-de-Proyectos-de-cobertura-de-catedra.docx\" target=\"_blank\" rel=\"noreferrer noopener\">Escritura-de-Proyectos-de-cobertura-de-catedra<\/a><a href=\"https:\/\/isfd91-bue.infd.edu.ar\/sitio\/wp-content\/uploads\/2022\/04\/Escritura-de-Proyectos-de-cobertura-de-catedra.docx\" class=\"wp-block-file__button\" download>Descarga<\/a><\/div>\n\n\n\n<div class=\"wp-block-file\"><a href=\"https:\/\/isfd91-bue.infd.edu.ar\/sitio\/wp-content\/uploads\/2021\/05\/resolucion_nro5886_cobertura_de_catedra.pdf\">resolucion_nro5886_cobertura_de_catedra<\/a><a href=\"https:\/\/isfd91-bue.infd.edu.ar\/sitio\/wp-content\/uploads\/2021\/05\/resolucion_nro5886_cobertura_de_catedra.pdf\" class=\"wp-block-file__button\" download>Descarga<\/a><\/div>\n\n\n\n<div class=\"wp-block-file\"><a href=\"https:\/\/isfd91-bue.infd.edu.ar\/sitio\/wp-content\/uploads\/2021\/05\/ANEXO-III_Res5886-03.pdf\">ANEXO III_Res5886-03<\/a><a href=\"https:\/\/isfd91-bue.infd.edu.ar\/sitio\/wp-content\/uploads\/2021\/05\/ANEXO-III_Res5886-03.pdf\" class=\"wp-block-file__button\" download>Descarga<\/a><\/div>\n\n\n\n<div class=\"wp-block-file\"><a href=\"https:\/\/isfd91-bue.infd.edu.ar\/sitio\/wp-content\/uploads\/2022\/04\/res2432-09fd_educ_fisica.pdf\">res2432-09fd_educ_fisica<\/a><a href=\"https:\/\/isfd91-bue.infd.edu.ar\/sitio\/wp-content\/uploads\/2022\/04\/res2432-09fd_educ_fisica.pdf\" class=\"wp-block-file__button\" download>Descarga<\/a><\/div>\n\n\n\n<div class=\"wp-block-file\"><a href=\"https:\/\/isfd91-bue.infd.edu.ar\/sitio\/wp-content\/uploads\/2022\/04\/4154-07-INICIAL-Y-PRIMARIA-1.pdf\">4154-07-INICIAL-Y-PRIMARIA-1<\/a><a href=\"https:\/\/isfd91-bue.infd.edu.ar\/sitio\/wp-content\/uploads\/2022\/04\/4154-07-INICIAL-Y-PRIMARIA-1.pdf\" class=\"wp-block-file__button\" download>Descarga<\/a><\/div>\n\n\n\n<p><\/p>\n","protected":false},"excerpt":{"rendered":"<p>&nbsp;&nbsp;&nbsp;&nbsp;&nbsp;&nbsp;&nbsp;&nbsp;&nbsp;&nbsp;&nbsp;&nbsp;&nbsp;&nbsp;&nbsp;&nbsp;&nbsp;&nbsp;&nbsp;&nbsp;&nbsp;&nbsp;&nbsp;&nbsp;&nbsp;&nbsp;&nbsp;&nbsp;&nbsp;&nbsp;&nbsp;&nbsp;&nbsp;&nbsp;&nbsp;&nbsp;&nbsp;&nbsp;&nbsp;&nbsp;&nbsp;&nbsp;&nbsp;&nbsp;&nbsp;&nbsp;&nbsp;&nbsp;&nbsp;&nbsp;&nbsp;&nbsp;&nbsp;&nbsp;&nbsp;&nbsp;&nbsp;&nbsp; La Direcci\u00f3n del Instituto Superior de Formaci\u00f3n Docente y T\u00e9cnica N\u00ba 91 \u201cDr. Ren\u00e9 Favaloro\u201d, en el marco de la Resoluci\u00f3n N\u00b0 5848\/02, N\u00b0 1234\/03 y 5886\/03, convoca a presentaci\u00f3n de propuesta para la cobertura de espacio curricular . PARA TENER EN CUENTA: CARRERA ASIGNATURA\/ESPACIO A\u00d1O\/CURSO CARGA&nbsp;HORARIA SITUACION DEREVISTA Profesorado de Educaci\u00f3nF\u00edsica Res. 2432\/09 &#8230; <a title=\"Nueva convocatoria a cubrir espacios 2022\" class=\"read-more\" href=\"https:\/\/isfd91-bue.infd.edu.ar\/sitio\/nueva-convocatoria-a-cubrir-espacios-2021\/\" aria-label=\"More on Nueva convocatoria a cubrir espacios 2022\">[+]<\/a><\/p>\n","protected":false},"author":62,"featured_media":0,"parent":0,"menu_order":0,"comment_status":"closed","ping_status":"closed","template":"","meta":[],"acf":[],"_links":{"self":[{"href":"https:\/\/isfd91-bue.infd.edu.ar\/sitio\/wp-json\/wp\/v2\/pages\/1516"}],"collection":[{"href":"https:\/\/isfd91-bue.infd.edu.ar\/sitio\/wp-json\/wp\/v2\/pages"}],"about":[{"href":"https:\/\/isfd91-bue.infd.edu.ar\/sitio\/wp-json\/wp\/v2\/types\/page"}],"author":[{"embeddable":true,"href":"https:\/\/isfd91-bue.infd.edu.ar\/sitio\/wp-json\/wp\/v2\/users\/62"}],"replies":[{"embeddable":true,"href":"https:\/\/isfd91-bue.infd.edu.ar\/sitio\/wp-json\/wp\/v2\/comments?post=1516"}],"version-history":[{"count":8,"href":"https:\/\/isfd91-bue.infd.edu.ar\/sitio\/wp-json\/wp\/v2\/pages\/1516\/revisions"}],"predecessor-version":[{"id":1562,"href":"https:\/\/isfd91-bue.infd.edu.ar\/sitio\/wp-json\/wp\/v2\/pages\/1516\/revisions\/1562"}],"wp:attachment":[{"href":"https:\/\/isfd91-bue.infd.edu.ar\/sitio\/wp-json\/wp\/v2\/media?parent=1516"}],"curies":[{"name":"wp","href":"https:\/\/api.w.org\/{rel}","templated":true}]}}