{"id":845,"date":"2018-08-29T16:05:40","date_gmt":"2018-08-29T19:05:40","guid":{"rendered":"https:\/\/isfd91-bue.infd.edu.ar\/sitio\/docentes\/"},"modified":"2021-09-14T14:49:34","modified_gmt":"2021-09-14T17:49:34","slug":"docentes","status":"publish","type":"page","link":"https:\/\/isfd91-bue.infd.edu.ar\/sitio\/docentes\/","title":{"rendered":"DOCENTES"},"content":{"rendered":"<table>\n<tbody>\n<tr>\n<td width=\"283\"><strong>Docentes Profesorados<\/strong><\/td>\n<td width=\"283\"><strong>Docentes Tecnicaturas<\/strong><\/td>\n<\/tr>\n<tr>\n<td width=\"283\">CABRERA CAROLINA<\/td>\n<td width=\"283\">BIANCHI MONICA<\/td>\n<\/tr>\n<tr>\n<td width=\"283\">EUGUI NADINA<\/td>\n<td width=\"283\">GOMEZ MENGHI MELINA<\/td>\n<\/tr>\n<tr>\n<td width=\"283\">DEL OTERO, MATILDE IN\u00c9S<\/td>\n<td width=\"283\">CISNEROS MARIA JOS\u00c9<\/td>\n<\/tr>\n<tr>\n<td width=\"283\">G\u00d3MEZ DAMYANA<\/td>\n<td width=\"283\">MONTES ALEXIS<\/td>\n<\/tr>\n<tr>\n<td width=\"283\">MANCCIONE NAZARENO<\/td>\n<td width=\"283\">FELINO, M\u00d3NICA<\/td>\n<\/tr>\n<tr>\n<td width=\"283\">MANSILLA MILAGROS<\/td>\n<td width=\"283\">BACIOCCO NATIVIDAD<\/td>\n<\/tr>\n<tr>\n<td width=\"283\">SERVIN MARIA JOSE<\/td>\n<td width=\"283\">SOLDANI JULIETA<\/td>\n<\/tr>\n<tr>\n<td width=\"283\">FITTIPALDI NATALIA<\/td>\n<td width=\"283\">AGUILERA GUSTAVO<\/td>\n<\/tr>\n<tr>\n<td width=\"283\">RADIVOY VICTORIA<\/td>\n<td width=\"283\">GIUDICE CRISTINA<\/td>\n<\/tr>\n<tr>\n<td width=\"283\">SABATINI RUTH<\/td>\n<td width=\"283\">CASA\u00d1AS KAREN<\/td>\n<\/tr>\n<tr>\n<td width=\"283\">SARSFIELD GROSSO MELINA<\/td>\n<td width=\"283\">PATERNOSTRO DENISE<\/td>\n<\/tr>\n<tr>\n<td width=\"283\">TRUEBA RAMON<\/td>\n<td width=\"283\">\u00a0FERNANDEZ LAURA<\/td>\n<\/tr>\n<tr>\n<td width=\"283\">FERNANDEZ ALEJANDRA<\/td>\n<td width=\"283\">FERNANDEZ ALEJANDRA<\/td>\n<\/tr>\n<tr>\n<td width=\"283\">MUGNOLO ANGELA<\/td>\n<td width=\"283\">\u00a0L\u00d3PEZ VALERIA<\/td>\n<\/tr>\n<tr>\n<td width=\"283\">COSCARARTE KAREN<\/td>\n<td width=\"283\">\u00a0MANCCIONE NAZARENO<\/td>\n<\/tr>\n<tr>\n<td width=\"283\">ALVAREZ ALEXIS<\/td>\n<td width=\"283\">\u00a0TRUEBA RAMON<\/td>\n<\/tr>\n<tr>\n<td width=\"283\">BIANCHI SILVINA<\/td>\n<td width=\"283\">\u00a0BIANCHI HEBE<\/td>\n<\/tr>\n<tr>\n<td width=\"283\">GARASSI NAHUEL<\/td>\n<td width=\"283\">\u00a0TRUEBA RAMON<\/td>\n<\/tr>\n<tr>\n<td width=\"283\">FITTIPALDI MARIA CECILIA<\/td>\n<td width=\"283\">\u00a0PICA ANABELLA<\/td>\n<\/tr>\n<tr>\n<td width=\"283\">MORA IRENE<\/td>\n<td width=\"283\">\u00a0SANHUEZA GABRIELA<\/td>\n<\/tr>\n<tr>\n<td width=\"283\">LOPEZ VALERIA<\/td>\n<td width=\"283\"><\/td>\n<\/tr>\n<tr>\n<td width=\"283\">FITTIPALDI SOFIA<\/td>\n<td width=\"283\"><\/td>\n<\/tr>\n<tr>\n<td width=\"283\">VILLARRUEL CAMILA<\/td>\n<td width=\"283\"><\/td>\n<\/tr>\n<tr>\n<td width=\"283\">URDAPILLETA FERMIN<\/td>\n<td width=\"283\"><\/td>\n<\/tr>\n<tr>\n<td width=\"283\">GONGORA MARCELA<\/td>\n<td width=\"283\"><\/td>\n<\/tr>\n<tr>\n<td width=\"283\">GARAVANO JORGELINA<\/td>\n<td width=\"283\"><\/td>\n<\/tr>\n<tr>\n<td width=\"283\">OLGUIN MARIANELA<\/td>\n<td width=\"283\"><\/td>\n<\/tr>\n<tr>\n<td width=\"283\">DEFOS MAR\u00cdA ESTHER<\/td>\n<td width=\"283\"><\/td>\n<\/tr>\n<tr>\n<td width=\"283\">STEFANI STELLA<\/td>\n<td width=\"283\"><\/td>\n<\/tr>\n<tr>\n<td width=\"283\">MONTES DE OCA KAREN<\/td>\n<td width=\"283\"><\/td>\n<\/tr>\n<tr>\n<td width=\"283\">PELAEZ BEATRIZ<\/td>\n<td width=\"283\"><\/td>\n<\/tr>\n<tr>\n<td width=\"283\">CARLUCCIO RUT<\/td>\n<td width=\"283\"><\/td>\n<\/tr>\n<tr>\n<td width=\"283\">BOLLA LILIANA<\/td>\n<td width=\"283\"><\/td>\n<\/tr>\n<tr>\n<td width=\"283\">PEREZ NOELIA<\/td>\n<td width=\"283\"><\/td>\n<\/tr>\n<tr>\n<td width=\"283\">FERNANDEZ LAURA<\/td>\n<td width=\"283\"><\/td>\n<\/tr>\n<tr>\n<td width=\"283\">TOLEDO LUCAS<\/td>\n<td width=\"283\"><\/td>\n<\/tr>\n<tr>\n<td width=\"283\">PAVON MARIO<\/td>\n<td width=\"283\"><\/td>\n<\/tr>\n<\/tbody>\n<\/table>\n","protected":false},"excerpt":{"rendered":"<p>Docentes Profesorados Docentes Tecnicaturas CABRERA CAROLINA BIANCHI MONICA EUGUI NADINA GOMEZ MENGHI MELINA DEL OTERO, MATILDE IN\u00c9S CISNEROS MARIA JOS\u00c9 G\u00d3MEZ DAMYANA MONTES ALEXIS MANCCIONE NAZARENO FELINO, M\u00d3NICA MANSILLA MILAGROS BACIOCCO NATIVIDAD SERVIN MARIA JOSE SOLDANI JULIETA FITTIPALDI NATALIA AGUILERA GUSTAVO RADIVOY VICTORIA GIUDICE CRISTINA SABATINI RUTH CASA\u00d1AS KAREN SARSFIELD GROSSO MELINA PATERNOSTRO DENISE TRUEBA &#8230; <a title=\"DOCENTES\" class=\"read-more\" href=\"https:\/\/isfd91-bue.infd.edu.ar\/sitio\/docentes\/\" aria-label=\"More on DOCENTES\">[+]<\/a><\/p>\n","protected":false},"author":62,"featured_media":0,"parent":0,"menu_order":0,"comment_status":"closed","ping_status":"closed","template":"","meta":[],"acf":[],"_links":{"self":[{"href":"https:\/\/isfd91-bue.infd.edu.ar\/sitio\/wp-json\/wp\/v2\/pages\/845"}],"collection":[{"href":"https:\/\/isfd91-bue.infd.edu.ar\/sitio\/wp-json\/wp\/v2\/pages"}],"about":[{"href":"https:\/\/isfd91-bue.infd.edu.ar\/sitio\/wp-json\/wp\/v2\/types\/page"}],"author":[{"embeddable":true,"href":"https:\/\/isfd91-bue.infd.edu.ar\/sitio\/wp-json\/wp\/v2\/users\/62"}],"replies":[{"embeddable":true,"href":"https:\/\/isfd91-bue.infd.edu.ar\/sitio\/wp-json\/wp\/v2\/comments?post=845"}],"version-history":[{"count":1,"href":"https:\/\/isfd91-bue.infd.edu.ar\/sitio\/wp-json\/wp\/v2\/pages\/845\/revisions"}],"predecessor-version":[{"id":1512,"href":"https:\/\/isfd91-bue.infd.edu.ar\/sitio\/wp-json\/wp\/v2\/pages\/845\/revisions\/1512"}],"wp:attachment":[{"href":"https:\/\/isfd91-bue.infd.edu.ar\/sitio\/wp-json\/wp\/v2\/media?parent=845"}],"curies":[{"name":"wp","href":"https:\/\/api.w.org\/{rel}","templated":true}]}}