{"id":851,"date":"2018-08-29T16:05:42","date_gmt":"2018-08-29T19:05:42","guid":{"rendered":"https:\/\/isfd91-bue.infd.edu.ar\/sitio\/historia\/"},"modified":"2020-03-05T21:05:22","modified_gmt":"2020-03-06T00:05:22","slug":"historia","status":"publish","type":"page","link":"https:\/\/isfd91-bue.infd.edu.ar\/sitio\/historia\/","title":{"rendered":"Historia"},"content":{"rendered":"<p>El Instituto Superior de Formaci\u00f3n de Formaci\u00f3n Docente y T\u00e9cnica N\u00b0 91 nace en el a\u00f1o 1988 como Anexo del Instituto Superior de Formaci\u00f3n Docente N\u00b0 2, de la ciudad de Azul; a los efectos de cubrir una necesidad b\u00e1sica de dotar a nuestra ciudad de una Instituci\u00f3n Educativa de Nivel Terciario. Su primer Regente fue el Doctor Claudio Minellono.<\/p>\n<p>En el a\u00f1o 1991, por intermedio de de gestiones de las Autoridades del establecimiento, se logra su autonom\u00eda: conform\u00e1ndose el Instituto Superior de Formaci\u00f3n Docente N\u00b0 91. En ese momento la Directora era la profesora Mar\u00eda Celia Garat y el Regente el profesor Carlos Humberto Mennutto. Al fallecer el Sr Mennutto, asume la Regencia el profesor Ram\u00f3n Trueba, qui\u00e9n al jubilarse la Sra Garat, ocupa el cargo Directivo. Desde el a\u00f1o 1998, la instituci\u00f3n estuvo a cargo de la profesora Alicia Gonz\u00e1lez quien se jubilo recientemente. Actualmente la Direcci\u00f3n esta a cargo de la Profesora Anal\u00eda Plumez.<\/p>\n<p>En la actualidad Se dictan las siguiente carreras:<\/p>\n<p>Profesorado de Educaci\u00f3n Inicial<\/p>\n<p>Profesorado en Ense\u00f1anza Primaria<\/p>\n<p>Tecnicatura Superior en Acompa\u00f1amiento Terap\u00e9utico<\/p>\n<p>Tecnicatura Superior Enfermer\u00eda<\/p>\n<p>Tecnicatura Superior en Turismo.<\/p>\n","protected":false},"excerpt":{"rendered":"<p>El Instituto Superior de Formaci\u00f3n de Formaci\u00f3n Docente y T\u00e9cnica N\u00b0 91 nace en el a\u00f1o 1988 como Anexo del Instituto Superior de Formaci\u00f3n Docente N\u00b0 2, de la ciudad de Azul; a los efectos de cubrir una necesidad b\u00e1sica de dotar a nuestra ciudad de una Instituci\u00f3n Educativa de Nivel Terciario. Su primer Regente &#8230; <a title=\"Historia\" class=\"read-more\" href=\"https:\/\/isfd91-bue.infd.edu.ar\/sitio\/historia\/\" aria-label=\"More on Historia\">[+]<\/a><\/p>\n","protected":false},"author":62,"featured_media":0,"parent":0,"menu_order":0,"comment_status":"closed","ping_status":"closed","template":"","meta":[],"acf":[],"_links":{"self":[{"href":"https:\/\/isfd91-bue.infd.edu.ar\/sitio\/wp-json\/wp\/v2\/pages\/851"}],"collection":[{"href":"https:\/\/isfd91-bue.infd.edu.ar\/sitio\/wp-json\/wp\/v2\/pages"}],"about":[{"href":"https:\/\/isfd91-bue.infd.edu.ar\/sitio\/wp-json\/wp\/v2\/types\/page"}],"author":[{"embeddable":true,"href":"https:\/\/isfd91-bue.infd.edu.ar\/sitio\/wp-json\/wp\/v2\/users\/62"}],"replies":[{"embeddable":true,"href":"https:\/\/isfd91-bue.infd.edu.ar\/sitio\/wp-json\/wp\/v2\/comments?post=851"}],"version-history":[{"count":3,"href":"https:\/\/isfd91-bue.infd.edu.ar\/sitio\/wp-json\/wp\/v2\/pages\/851\/revisions"}],"predecessor-version":[{"id":1245,"href":"https:\/\/isfd91-bue.infd.edu.ar\/sitio\/wp-json\/wp\/v2\/pages\/851\/revisions\/1245"}],"wp:attachment":[{"href":"https:\/\/isfd91-bue.infd.edu.ar\/sitio\/wp-json\/wp\/v2\/media?parent=851"}],"curies":[{"name":"wp","href":"https:\/\/api.w.org\/{rel}","templated":true}]}}