{"id":872,"date":"2018-08-29T16:05:50","date_gmt":"2018-08-29T19:05:50","guid":{"rendered":"https:\/\/isfd91-bue.infd.edu.ar\/sitio\/tecnicatura-superior-en-enfermeria\/"},"modified":"2020-02-18T18:34:04","modified_gmt":"2020-02-18T21:34:04","slug":"tecnicatura-superior-en-enfermeria","status":"publish","type":"page","link":"https:\/\/isfd91-bue.infd.edu.ar\/sitio\/tecnicatura-superior-en-enfermeria\/","title":{"rendered":"TECNICATURA SUPERIOR EN ENFERMER\u00cdA"},"content":{"rendered":"<p>TECNICATURA SUPERIOR EN ENFERMERIA<\/p>\n<p>T\u00edtulo: ENFERMERO<br \/>\nDuraci\u00f3n: 3 a\u00f1os<br \/>\nPERFIL PROFESIONAL<\/p>\n<p>El Enfermero es un profesional de las Ciencias de la Salud con formaci&oacute;n cient&iacute;fica, t&eacute;cnica y human&iacute;stica, responsable de brindar cuidados de enfermer&iacute;a a las personas, familias y comunidad asume el derecho a la salud de las personas como inalienable y se integra al sistema de salud con sus competencias para garantizarlo.<\/p>\n<p>Despliega las actividades de cuidado utilizando las estrategias de protecci&oacute;n y promoci&oacute;n de la salud, asistencia de las enfermedades y su recuperaci&oacute;n, como integrante del equipo de salud para elevar el nivel de salud y la calidad de vida de la poblaci&oacute;n.<\/p>\n<p>Participa en procesos de gesti&oacute;n de los servicios de enfermer&iacute;a para mejorar los cuidados y valora la educaci&oacute;n permanente en salud, respetando el protagonismo de las personas en el cuidado de su propia salud.<\/p>\n<p>En el desempe&ntilde;o profesional asume una actitud reflexiva, cr&iacute;tica, &eacute;tica y de responsabilidad legal, con participaci&oacute;n, compromiso profesional y fortalecimiento del colectivo de enfermer&iacute;a, como as&iacute; mismo, una permanente actitud investigativa que propicie el desarrollo de la disciplina y la promoci&oacute;n de cambios, participando en los procesos de gesti&oacute;n a fin de mejorar la calidad de los cuidados de la salud.<\/p>\n<p>&nbsp;<\/p><\/p>\n","protected":false},"excerpt":{"rendered":"<p>TECNICATURA SUPERIOR EN ENFERMERIA T\u00edtulo: ENFERMERO Duraci\u00f3n: 3 a\u00f1os PERFIL PROFESIONAL El Enfermero es un profesional de las Ciencias de la Salud con formaci&oacute;n cient&iacute;fica, t&eacute;cnica y human&iacute;stica, responsable de brindar cuidados de enfermer&iacute;a a las personas, familias y comunidad asume el derecho a la salud de las personas como inalienable y se integra al &#8230; <a title=\"TECNICATURA SUPERIOR EN ENFERMER\u00cdA\" class=\"read-more\" href=\"https:\/\/isfd91-bue.infd.edu.ar\/sitio\/tecnicatura-superior-en-enfermeria\/\" aria-label=\"More on TECNICATURA SUPERIOR EN ENFERMER\u00cdA\">[+]<\/a><\/p>\n","protected":false},"author":62,"featured_media":0,"parent":0,"menu_order":0,"comment_status":"closed","ping_status":"closed","template":"","meta":[],"acf":[],"_links":{"self":[{"href":"https:\/\/isfd91-bue.infd.edu.ar\/sitio\/wp-json\/wp\/v2\/pages\/872"}],"collection":[{"href":"https:\/\/isfd91-bue.infd.edu.ar\/sitio\/wp-json\/wp\/v2\/pages"}],"about":[{"href":"https:\/\/isfd91-bue.infd.edu.ar\/sitio\/wp-json\/wp\/v2\/types\/page"}],"author":[{"embeddable":true,"href":"https:\/\/isfd91-bue.infd.edu.ar\/sitio\/wp-json\/wp\/v2\/users\/62"}],"replies":[{"embeddable":true,"href":"https:\/\/isfd91-bue.infd.edu.ar\/sitio\/wp-json\/wp\/v2\/comments?post=872"}],"version-history":[{"count":1,"href":"https:\/\/isfd91-bue.infd.edu.ar\/sitio\/wp-json\/wp\/v2\/pages\/872\/revisions"}],"predecessor-version":[{"id":1231,"href":"https:\/\/isfd91-bue.infd.edu.ar\/sitio\/wp-json\/wp\/v2\/pages\/872\/revisions\/1231"}],"wp:attachment":[{"href":"https:\/\/isfd91-bue.infd.edu.ar\/sitio\/wp-json\/wp\/v2\/media?parent=872"}],"curies":[{"name":"wp","href":"https:\/\/api.w.org\/{rel}","templated":true}]}}